{"id":4182,"date":"2024-01-31T21:26:28","date_gmt":"2024-01-31T20:26:28","guid":{"rendered":"https:\/\/www.hundt-consult.de\/?page_id=4182"},"modified":"2026-02-02T11:35:29","modified_gmt":"2026-02-02T10:35:29","slug":"onderscheidingen","status":"publish","type":"page","link":"https:\/\/www.hundt-consult.de\/nl\/bedrijf\/onderscheidingen\/","title":{"rendered":"Onderscheidingen"},"content":{"rendered":"<!--blockstudio\/blockstudio\/banner-->\n<div id=\"blockstudio-4e852bae0324\" class=\"px-banner  animate animate-parent\" data-delay=\"250\">\n\t\t<div class=\"image\">\n        <div class=\"bg-red col fadeInLeft\"><\/div>\n\t\t<img loading=\"lazy\" decoding=\"async\" width=\"2560\" height=\"1715\" src=\"https:\/\/www.hundt-consult.de\/wp-content\/uploads\/2024\/01\/shutterstock_1066022534-scaled.jpg\" class=\"attachment-Full Size size-Full Size\" alt=\"\" srcset=\"https:\/\/www.hundt-consult.de\/wp-content\/uploads\/2024\/01\/shutterstock_1066022534-scaled.jpg 2560w, https:\/\/www.hundt-consult.de\/wp-content\/uploads\/2024\/01\/shutterstock_1066022534-300x201.jpg 300w, https:\/\/www.hundt-consult.de\/wp-content\/uploads\/2024\/01\/shutterstock_1066022534-1024x686.jpg 1024w, https:\/\/www.hundt-consult.de\/wp-content\/uploads\/2024\/01\/shutterstock_1066022534-768x514.jpg 768w, https:\/\/www.hundt-consult.de\/wp-content\/uploads\/2024\/01\/shutterstock_1066022534-1536x1029.jpg 1536w, https:\/\/www.hundt-consult.de\/wp-content\/uploads\/2024\/01\/shutterstock_1066022534-2048x1372.jpg 2048w\" sizes=\"auto, (max-width: 2560px) 100vw, 2560px\" \/>\t <\/div> <!-- End Media wrapper -->\n\t\t\t<div class=\"text col fadeInLeft\">\n\t\t<div class=\"text-inner\">\n\t\t\t<h1>Onderscheidingen<\/h1>\n\t\t\t<div><\/div>\n            \t\t<\/div>\n\t<\/div>\n\t\n                    <div class=\"contact col fadeInRight \">\n\n                                                    <div class=\"phone cta\">\n                        <p class=\"info\">Telefonische counseling<\/p>\n                        <a href=\"tel:+310850161976\" target=\"_self\"><img decoding=\"async\" class=\"svg-custom\" alt=\"phone\" src=\"https:\/\/www.hundt-consult.de\/wp-content\/themes\/hph-gmbh\/img\/phone.svg\" \/>+31 (0) 850 161 976\u2028<\/a>\n                    <\/div>\n                \n                                    <div class=\"mail cta\">\n                        <p class=\"info\">Schrijf ons<\/p>\n                        <a href=\"mailto:gouda@hundt-consult.nl\"><img decoding=\"async\" class=\"svg-custom\" alt=\"mail\" src=\"https:\/\/www.hundt-consult.de\/wp-content\/themes\/hph-gmbh\/img\/mail.svg\" \/>gouda@hundt-consult.nl<\/a>\n                    <\/div>\n                \n            <\/div>\n        <\/div>\n\n\n\n\n<div style=\"height:130px\" aria-hidden=\"true\" class=\"wp-block-spacer\"><\/div>\n\n\n<!--blockstudio\/blockstudio\/frame-layout--><div id=\"fl-blockstudio-bf666269f0f5\" class=\"fl px-frame-layout\" data-frame=\"lightbgbox\" data-layout=\"layout-full-reduced\" data-margin-before=\"medium\" data-margin-after=\"medium\" >\n    <div class=\"inner\">\n        <div >\n\n<h3 class=\"wp-block-heading is-style-line\">Opnieuw <mark style=\"background-color:rgba(0, 0, 0, 0)\" class=\"has-inline-color has-color-main-color\">groeikampioen<\/mark><\/h3>\n\n\n\n<p>HUNDT CONSULT behoort tot de Duitse groeikampioenen 2026. De ranglijst voor 2026 omvat 300 bedrijven met de hoogste groeicijfers van 2021 tot 2024. Ook dit jaar behoort HUNDT CONSULT weer tot de bekroonde bedrijven \u2013 al voor de zesde keer sinds 2018. Met een gemiddelde omzetgroei van 16 % per jaar staat HUNDT CONSULT op plaats 192 in de totale ranglijst. In de sector grond en woningbouw (vastgoed) staat het bedrijf op de 2e plaats.<\/p>\n\n<\/div>\n    <\/div>\n<\/div>\n\n\n\n<h3 class=\"wp-block-heading is-style-line\">Bijzonder innovatief: HUNDT CONSULT is<mark style=\"background-color:rgba(0, 0, 0, 0)\" class=\"has-inline-color has-color-main-color\"> innovatiekampioen 2025<\/mark><\/h3>\n\n\n\n<p>FOCUS-Business en het onderzoeksinstituut FactField selecteren jaarlijks de meest innovatieve bedrijven van Duitsland. In de branche \u201cVastgoed \/ Facility Management\u201d behoort HUNDT CONSULT tot de \u201cInnovatiekampioenen 2025\u201d. Het onderzoek omvat 29 branches en beoordeelt de bedrijven in vijf categorie\u00ebn.<\/p>\n\n\n<!--blockstudio\/blockstudio\/frame-layout--><div id=\"fl-blockstudio-8551a9c3e20a\" class=\"fl px-frame-layout\" data-frame=\"lightbgbox\" data-layout=\"layout-full-reduced\" data-margin-before=\"medium\" data-margin-after=\"medium\" >\n    <div class=\"inner\">\n        <div >\n\n<h3 class=\"wp-block-heading is-style-line\">Opnieuw bekroond met het <mark style=\"background-color:rgba(0, 0, 0, 0)\" class=\"has-inline-color has-color-main-color\">Hamburgse gezinskeurmerk<\/mark><\/h3>\n\n\n\n<p>Sinds 2007 reikt de Hamburgse Alliantie voor Gezinnen \u2013 een initiatief van de sociale dienst van de Vrije en Hanzestad Hamburg, de Kamer van Ambachten Hamburg en de Kamer van Koophandel Hamburg \u2013 het \u2018Hamburgse gezinskeurmerk\u2019 uit aan bijzonder gezinsvriendelijke bedrijven. In 2024 werd HUNDT CONSULT opnieuw bekroond voor zijn gezinsvriendelijke bedrijfsbeleid.<\/p>\n\n<\/div>\n    <\/div>\n<\/div>\n\n\n\n<h3 class=\"wp-block-heading is-style-line\"><mark style=\"background-color:rgba(0, 0, 0, 0)\" class=\"has-inline-color has-color-main-color\">HUNDT CONSULT<\/mark> is groeikampioen 2024<\/h3>\n\n\n\n<p>Voor de vijfde keer behoort HUNDT CONSULT tot de 500 sterkst groeiende bedrijven in Duitsland. In de categorie \u2018Vastgoed\u2019 nam HUNDT CONSULT de 8e plaats in. Achtergrond: Het tijdschrift <em>FOCUS BUSINESS<\/em> en het statistiekportaal Statista kiezen een keer per jaar de Duitse groeikampioenen.<\/p>\n\n\n<!--blockstudio\/blockstudio\/frame-layout--><div id=\"fl-blockstudio-f1341f9ef6bf\" class=\"fl px-frame-layout\" data-frame=\"lightbgbox\" data-layout=\"layout-full-reduced\" data-margin-before=\"medium\" data-margin-after=\"medium\" >\n    <div class=\"inner\">\n        <div >\n\n<h3 class=\"wp-block-heading is-style-line\">30% minder CO\u00b2 en compensatieprojecten:<br>HUNDT CONSULT opnieuw <mark style=\"background-color:rgba(0, 0, 0, 0)\" class=\"has-inline-color has-color-main-color\">klimaatneutraal bedrijf<\/mark><\/h3>\n\n\n\n<p>Met het Hamburger Familiensiegel worden bedrijven onderscheiden die hun medewerkers extra ondersteunen bij het vinden van een goede balans tussen werk en gezin. Ook in 2022 behoorde HUNDT CONSULT weer tot de gecertificeerde bedrijven. Het Familiensiegel wordt uitgereikt door de Hamburger Allianz f\u00fcr Familien, een initiatief van de Senaat, de Handelskammer en de Handwerkskammer in Hamburg.<\/p>\n\n<\/div>\n    <\/div>\n<\/div>\n\n\n\n<h3 class=\"wp-block-heading is-style-line\"><mark style=\"background-color:rgba(0, 0, 0, 0)\" class=\"has-inline-color has-color-main-color\">Hamburger Familiensiegel<\/mark> voor HUNDT CONSULT<\/h3>\n\n\n\n<p>Met het Hamburger Familiensiegel worden bedrijven onderscheiden die hun medewerkers extra ondersteunen bij het vinden van een goede balans tussen werk en gezin. Ook in 2022 behoorde HUNDT CONSULT weer tot de gecertificeerde bedrijven. Het Familiensiegel wordt uitgereikt door de Hamburger Allianz f\u00fcr Familien, een initiatief van de Senaat, de Handelskammer en de Handwerkskammer in Hamburg.<\/p>\n\n\n<!--blockstudio\/blockstudio\/frame-layout--><div id=\"fl-blockstudio-6a1a602fa39c\" class=\"fl px-frame-layout\" data-frame=\"lightbgbox\" data-layout=\"layout-full-reduced\" data-margin-before=\"medium\" data-margin-after=\"medium\" >\n    <div class=\"inner\">\n        <div >\n\n<h3 class=\"wp-block-heading is-style-line\"><mark style=\"background-color:rgba(0, 0, 0, 0)\" class=\"has-inline-color has-color-main-color\">HUNDT CONSULT<\/mark> is groeikampioen 2021<\/h3>\n\n\n\n<p>HUNDT CONSULT behoort voor de vierde keer op rij tot de groeikampioenen van het jaar! Het tijdschrift <em>FOCUS BUSINESS<\/em> en het statistiekportaal Statista kiezen een keer per jaar 500 bedrijven in Duitsland die de afgelopen jaren een bijzonder hoge omzetgroei wisten te behalen. In de categorie \u2018Vastgoed\u2019 nam HUNDT CONSULT de 9e plaats in.<\/p>\n\n<\/div>\n    <\/div>\n<\/div>\n\n\n\n<h3 class=\"wp-block-heading is-style-line\"><mark style=\"background-color:rgba(0, 0, 0, 0)\" class=\"has-inline-color has-color-main-color\">Klimaatneutraal bedrijf<\/mark> 2021: HUNDT CONSULT kiest voor CO\u00b2-neutrale voetafdruk<\/h3>\n\n\n\n<p>Als markt- en innovatieleider geeft HUNDT CONSULT ook op het gebied van duurzaamheid het positieve voorbeeld en kiest samen met het bedrijf CO2OP voor een CO\u00b2-neutrale voetafdruk. Op basis van de jaarlijkse broeikasgasemissies van HUNDT CONSULT stelden de experts van CO2OP maatregelen voor waarmee de CO\u00b2-voetafdruk weer wordt gecompenseerd. De compensatieprojecten hebben betrekking op een zonne-energieproject in Mauritius en een waterkrachtproject in Chili.<\/p>\n\n\n<!--blockstudio\/blockstudio\/frame-layout--><div id=\"fl-blockstudio-6b3fd2628d1b\" class=\"fl px-frame-layout\" data-frame=\"lightbgbox\" data-layout=\"layout-full-reduced\" data-margin-before=\"medium\" data-margin-after=\"medium\" >\n    <div class=\"inner\">\n        <div >\n\n<h3 class=\"wp-block-heading is-style-line\"><mark style=\"background-color:rgba(0, 0, 0, 0)\" class=\"has-inline-color has-color-main-color\">Gezinsvriendelijk bedrijf <\/mark>2021: HUNDT CONSULT onderscheiden met Familiensiegel<\/h3>\n\n\n\n<p>De Hamburger Allianz f\u00fcr Familien kent het Hamburger Familiensiegel toe aan bedrijven die zich extra inzetten voor een goede balans tussen gezin en werk. In 2021 werd ook HUNDT CONSULT met het Familiensiegel onderscheiden.<\/p>\n\n<\/div>\n    <\/div>\n<\/div>\n\n\n\n<h3 class=\"wp-block-heading is-style-line\"><mark style=\"background-color:rgba(0, 0, 0, 0)\" class=\"has-inline-color has-color-main-color\">HUNDT CONSULT <\/mark>is groeikampioen 2020<\/h3>\n\n\n\n<p>De <em>Financial Times<\/em> en Statista kozen HUNDT CONSULT als een van de sterkst groeiende bedrijven in Europa. Na maandenlange analyses stelde het financi\u00eble tijdschrift samen met het statistiekportaal de top 1000 samen uit duizenden bedrijven.<\/p>\n\n\n<!--blockstudio\/blockstudio\/frame-layout--><div id=\"fl-blockstudio-1b41201f92d1\" class=\"fl px-frame-layout\" data-frame=\"lightbgbox\" data-layout=\"layout-full-reduced\" data-margin-before=\"medium\" data-margin-after=\"medium\" >\n    <div class=\"inner\">\n        <div >\n\n<h3 class=\"wp-block-heading is-style-line\"><mark style=\"background-color:rgba(0, 0, 0, 0)\" class=\"has-inline-color has-color-main-color\">HUNDT CONSULT<\/mark> onderscheiden met de Deutsche Exzellenz-Preis 2019<\/h3>\n\n\n\n<p>Op 24 januari 2019 vond in Frankfurt am Main de uitreiking van de Deutsche Exzellenz-Preis plaats voor uitstekende prestaties in de economie. Aan het gala namen succesvolle managers, oprichters van start-ups, digitale experts en creatievelingen uit de meest uiteenlopende branches deel. Het Deutsche Institut f\u00fcr Service-Qualit\u00e4t, het tijdschrift <em>DUB UNTERNEHMER<\/em> en de nieuwszender n-tv kozen 63 prijswinnaars in 26 categorie\u00ebn. De winnaars werden aangewezen door prominente juryleden afkomstig uit de economie, media en wetenschappen. Zij selecteerden uit meer dan 150 inzendingen de beste idee\u00ebn. In de categorie \u2018Producten &amp; verdere ontwikkelingen\u2019 nam HUNDT CONSULT de 2e plaats in.<\/p>\n\n<\/div>\n    <\/div>\n<\/div>\n\n\n\n<h3 class=\"wp-block-heading is-style-line\"><mark style=\"background-color:rgba(0, 0, 0, 0)\" class=\"has-inline-color has-color-main-color\">HUNDT CONSULT<\/mark> is groeikampioen 2019<\/h3>\n\n\n\n<p>HUNDT CONSULT behoort tot de groeikampioenen van 2019. Dat is het resultaat van een onderzoek dat het nieuwsmagazine <em>Focus<\/em> jaarlijks samen met het databedrijf Statista uitvoert. Daarbij kozen <em>FOCUS BUSINESS<\/em> en Statista 500 bedrijven in Duitsland die de afgelopen drie jaar een bijzonder hoge omzetgroei wisten te realiseren.<\/p>\n\n\n<!--blockstudio\/blockstudio\/frame-layout--><div id=\"fl-blockstudio-bf89146f886f\" class=\"fl px-frame-layout\" data-frame=\"lightbgbox\" data-layout=\"layout-full-reduced\" data-margin-before=\"medium\" data-margin-after=\"medium\" >\n    <div class=\"inner\">\n        <div >\n\n<h3 class=\"wp-block-heading is-style-line\"><mark style=\"background-color:rgba(0, 0, 0, 0)\" class=\"has-inline-color has-color-main-color\">LIFT GUARDIAN <\/mark>wint TechBoost Award van Deutsche Telekom<\/h3>\n\n\n\n<p>Voor de tweede keer dit jaar ontving HUNDT CONSULT van Bell Management Consultants een uitnodiging voor de Prop Tech Pitch. Tijdens dit event op 7 juni 2018 presenteerden in hotel InterContinental in D\u00fcsseldorf 30 PropTech-bedrijven hun businessmodel in lezingen van telkens 5 minuten. Onder het publiek: vastgoedbeleggers en -beheerders, business angels en venture capitalists.<\/p>\n\n<\/div>\n    <\/div>\n<\/div>\n\n\n\n<h3 class=\"wp-block-heading is-style-line\"><mark style=\"background-color:rgba(0, 0, 0, 0)\" class=\"has-inline-color has-color-main-color\">HUNDT CONSULT<\/mark> is groeikampioen 2018<\/h3>\n\n\n\n<p>E\u00e9n keer per jaar kiezen het tijdschrift <em>FOCUS BUSINESS <\/em>en het statistiekportaal Statista de Duitse groeikampioenen. HUNDT CONSULT nam dit jaar voor het eerst deel en behaalde direct een plaats in de top 500.<\/p>\n\n\n<!--blockstudio\/blockstudio\/frame-layout--><div id=\"fl-blockstudio-5bc63e352555\" class=\"fl px-frame-layout\" data-frame=\"lightbgbox\" data-layout=\"layout-full-reduced\" data-margin-before=\"medium\" data-margin-after=\"medium\" >\n    <div class=\"inner\">\n        <div >\n\n<h3 class=\"wp-block-heading is-style-line\"><mark style=\"background-color:rgba(0, 0, 0, 0)\" class=\"has-inline-color has-color-main-color\">LIFT GUARDIAN<\/mark> wint degewo Innovationspreis: Smart Up the City 2017<\/h3>\n\n\n\n<p>Bij de eerste \u2018degewo Innovationspreis: Smart Up the City 2017\u2019 won HUNDT CONSULT deze prijs met zijn LIFT GUARDIAN. Met de zelfontwikkelde techniek kunnen de veiligheid, het comfort en het benodigde onderhoud van liftinstallaties via sensoren en het internet zeer eenvoudig worden gevolgd. Op 16 november 2017 won HUNDT CONSULT uiteindelijk na een spannende finale met vier andere finalisten. In 2017 kende degewo AG deze prijs voor het eerst toe om nieuwe technologie\u00ebn, diensten en businessmodellen voor vastgoed en vastgoedbeheer te honoreren.<\/p>\n\n<\/div>\n    <\/div>\n<\/div>\n\n\n\n<h3 class=\"wp-block-heading is-style-line\"><mark style=\"background-color:rgba(0, 0, 0, 0)\" class=\"has-inline-color has-color-main-color\">HUNDT CONSULT<\/mark> behoort tot de 25 beste vastgoedstart-ups wereldwijd<\/h3>\n\n\n\n<p>Ruim 700 vastgoedstart-ups uit de hele wereld namen aan de wedstrijd deel, 300 kwamen door de eerste selectieronde heen, 50 hielden een PrePitch-presentatie voor een onafhankelijke jury en 25 kregen in oktober tijdens de EXPO REAL 2017 de kans om zich aan het internationale deskundige publiek te presenteren. Dat is het concept van de start-upwedstrijd van het Real Estate Innovation Network (RE!N). Tot de 25 geselecteerde beste vastgoedstart-ups behoorde ook: HUNDT CONSULT.&nbsp;<\/p>\n\n\n<!--blockstudio\/blockstudio\/frame-layout--><div id=\"fl-blockstudio-99e3ebba75a8\" class=\"fl px-frame-layout\" data-frame=\"lightbgbox\" data-layout=\"layout-full-reduced\" data-margin-before=\"medium\" data-margin-after=\"medium\" >\n    <div class=\"inner\">\n        <div >\n\n<h3 class=\"wp-block-heading is-style-line\"><mark style=\"background-color:rgba(0, 0, 0, 0)\" class=\"has-inline-color has-color-main-color\">ATVISIO Award<\/mark> 2013 voor Liftmanagement-specialist HUNDT CONSULT<\/h3>\n\n\n\n<p>Business intelligence biedt veel mogelijkheden om met bedrijfsgegevens succes te behalen. Tot de klantenprojecten bij ATVISIO behoren altijd enkele bijzondere uitschieters \u2013 om deze te honoreren, kent de bekende performance-managementdienstverlener een keer per jaar de award \u2018Beste project van het jaar\u2019 toe. De criteria die de juryleden daarvoor gebruiken, omvatten met name het inhoudelijke concept, de duurzaamheid van de oplossing, de kosten-batenverhouding voor de klant, de toegepaste techniek en het innovatievermogen. Uiteindelijk was de jury ondanks de talrijke idee\u00ebn bijzonder overtuigd van \u00e9\u00e9n klantenproject: de prijs voor uitstekend uitgevoerde business ntelligence-projecten werd toegekend aan HUNDT CONSULT in Hamburg.<\/p>\n\n<\/div>\n    <\/div>\n<\/div>\n","protected":false},"excerpt":{"rendered":"<p>Bijzonder innovatief: HUNDT CONSULT is innovatiekampioen 2025 FOCUS-Business en het onderzoeksinstituut FactField selecteren jaarlijks de meest innovatieve bedrijven van Duitsland. In de branche \u201cVastgoed \/ Facility Management\u201d behoort HUNDT CONSULT tot de \u201cInnovatiekampioenen 2025\u201d. Het onderzoek omvat 29 branches en beoordeelt de bedrijven in vijf categorie\u00ebn. HUNDT CONSULT is groeikampioen 2024 Voor de vijfde keer [&hellip;]<\/p>\n","protected":false},"author":4,"featured_media":0,"parent":4204,"menu_order":5,"comment_status":"closed","ping_status":"closed","template":"","meta":{"_acf_changed":false,"footnotes":""},"class_list":["post-4182","page","type-page","status-publish","hentry"],"acf":[],"_links":{"self":[{"href":"https:\/\/www.hundt-consult.de\/nl\/wp-json\/wp\/v2\/pages\/4182","targetHints":{"allow":["GET"]}}],"collection":[{"href":"https:\/\/www.hundt-consult.de\/nl\/wp-json\/wp\/v2\/pages"}],"about":[{"href":"https:\/\/www.hundt-consult.de\/nl\/wp-json\/wp\/v2\/types\/page"}],"author":[{"embeddable":true,"href":"https:\/\/www.hundt-consult.de\/nl\/wp-json\/wp\/v2\/users\/4"}],"replies":[{"embeddable":true,"href":"https:\/\/www.hundt-consult.de\/nl\/wp-json\/wp\/v2\/comments?post=4182"}],"version-history":[{"count":5,"href":"https:\/\/www.hundt-consult.de\/nl\/wp-json\/wp\/v2\/pages\/4182\/revisions"}],"predecessor-version":[{"id":5987,"href":"https:\/\/www.hundt-consult.de\/nl\/wp-json\/wp\/v2\/pages\/4182\/revisions\/5987"}],"up":[{"embeddable":true,"href":"https:\/\/www.hundt-consult.de\/nl\/wp-json\/wp\/v2\/pages\/4204"}],"wp:attachment":[{"href":"https:\/\/www.hundt-consult.de\/nl\/wp-json\/wp\/v2\/media?parent=4182"}],"curies":[{"name":"wp","href":"https:\/\/api.w.org\/{rel}","templated":true}]}}