{"id":4493,"date":"2018-11-08T10:57:45","date_gmt":"2018-11-08T09:57:45","guid":{"rendered":"https:\/\/www.hundt-consult.de\/?page_id=4493"},"modified":"2025-11-10T09:44:35","modified_gmt":"2025-11-10T08:44:35","slug":"impressum","status":"publish","type":"page","link":"https:\/\/www.hundt-consult.de\/at\/kontakt\/impressum\/","title":{"rendered":"Impressum"},"content":{"rendered":"\n<div style=\"height:100px\" aria-hidden=\"true\" class=\"wp-block-spacer\"><\/div>\n\n\n\n<h1 class=\"wp-block-heading\">Impressum<\/h1>\n\n\n\n<div class=\"wp-block-columns is-layout-flex wp-container-core-columns-is-layout-9d6595d7 wp-block-columns-is-layout-flex\">\n<div class=\"wp-block-column is-layout-flow wp-block-column-is-layout-flow\">\n<p><strong>Verantwortlich f\u00fcr Betrieb und Inhalte<\/strong><\/p>\n\n\n\n<p>HUNDT CONSULT GmbH<br>M\u00f6nkedamm 9<br>20457 Hamburg<\/p>\n\n\n\n<p>T <a href=\"tel:+49403344153100\">+49 (40) 33 44 153 100<\/a><br>M <a href=\"mailto:contact@hundt-consult.de\">contact@hundt-consult.de<\/a><\/p>\n<\/div>\n\n\n\n<div class=\"wp-block-column is-layout-flow wp-block-column-is-layout-flow\">\n<p><strong>Gesch\u00e4ftsf\u00fchrer:<\/strong><br>Alexander W\u00fcllner<br>Falko Stolte<\/p>\n\n\n\n<p>Amtsgericht Hamburg HRB 104958<br>USt-ID.: DE 259236540<\/p>\n<\/div>\n<\/div>\n\n\n\n<hr class=\"wp-block-separator has-css-opacity\"\/>\n\n\n\n<h4 class=\"wp-block-heading\">Streitschlichtung<\/h4>\n\n\n\n<p>Die Europ\u00e4ische Kommission stellt eine Plattform zur Online-Streitbeilegung (OS) bereit: <a href=\"https:\/\/ec.europa.eu\/consumers\/odr\" target=\"_blank\" rel=\"noreferrer noopener nofollow\">https:\/\/ec.europa.eu\/consumers\/odr<\/a>.<br>Unsere E-Mail-Adresse finden Sie oben im Impressum.<\/p>\n\n\n\n<p>Wir sind nicht bereit oder verpflichtet, an Streitbeilegungsverfahren vor einer Verbraucherschlichtungsstelle teilzunehmen.<\/p>\n\n\n\n<hr class=\"wp-block-separator has-css-opacity\"\/>\n\n\n\n<h4 class=\"wp-block-heading\">Bildnachweise<\/h4>\n\n\n<ul><li>Adobe Stock - #284952105 \u00a9 jaboo_foto<\/li><li>AdobeStock - #457965324 \u00a9 photon_photo<\/li><li>Hans Blossey\/IMAGO (2018)<\/li><li>Adobe Stock - #363764288 \u00a9 snowing12<\/li><li>Adobe Stock - #610149416<\/li><li>AdobeStock - #559613692 \u00a9 Tomasz Zajda<\/li><li>Adobe Stock - #350353124 \u00a9 Kadmy<\/li><li>Adobe Stock - #82766037 \u00a9 Roman Sigaev<\/li><\/ul>\n\n\n\n<hr class=\"wp-block-separator has-css-opacity\"\/>\n\n\n\n<h4 class=\"wp-block-heading\">Realisierung<\/h4>\n\n\n\n<h5 class=\"wp-block-heading\">Technische Umsetzung<\/h5>\n\n\n\n<p><a href=\"https:\/\/www.homepage-helden.de\/\" target=\"_blank\" rel=\"noreferrer noopener\">Homepage Helden GmbH, Hamburg<\/a><\/p>\n\n\n\n<div style=\"height:100px\" aria-hidden=\"true\" class=\"wp-block-spacer\"><\/div>\n","protected":false},"excerpt":{"rendered":"<p>Impressum Verantwortlich f\u00fcr Betrieb und Inhalte HUNDT CONSULT GmbHM\u00f6nkedamm 920457 Hamburg T +49 (40) 33 44 153 100M contact@hundt-consult.de Gesch\u00e4ftsf\u00fchrer:Alexander W\u00fcllnerFalko Stolte Amtsgericht Hamburg HRB 104958USt-ID.: DE 259236540 Streitschlichtung Die Europ\u00e4ische Kommission stellt eine Plattform zur Online-Streitbeilegung (OS) bereit: https:\/\/ec.europa.eu\/consumers\/odr.Unsere E-Mail-Adresse finden Sie oben im Impressum. Wir sind nicht bereit oder verpflichtet, an Streitbeilegungsverfahren vor [&hellip;]<\/p>\n","protected":false},"author":4,"featured_media":0,"parent":4485,"menu_order":0,"comment_status":"closed","ping_status":"closed","template":"","meta":{"_acf_changed":false,"footnotes":""},"class_list":["post-4493","page","type-page","status-publish","hentry"],"acf":[],"_links":{"self":[{"href":"https:\/\/www.hundt-consult.de\/at\/wp-json\/wp\/v2\/pages\/4493","targetHints":{"allow":["GET"]}}],"collection":[{"href":"https:\/\/www.hundt-consult.de\/at\/wp-json\/wp\/v2\/pages"}],"about":[{"href":"https:\/\/www.hundt-consult.de\/at\/wp-json\/wp\/v2\/types\/page"}],"author":[{"embeddable":true,"href":"https:\/\/www.hundt-consult.de\/at\/wp-json\/wp\/v2\/users\/4"}],"replies":[{"embeddable":true,"href":"https:\/\/www.hundt-consult.de\/at\/wp-json\/wp\/v2\/comments?post=4493"}],"version-history":[{"count":2,"href":"https:\/\/www.hundt-consult.de\/at\/wp-json\/wp\/v2\/pages\/4493\/revisions"}],"predecessor-version":[{"id":5830,"href":"https:\/\/www.hundt-consult.de\/at\/wp-json\/wp\/v2\/pages\/4493\/revisions\/5830"}],"up":[{"embeddable":true,"href":"https:\/\/www.hundt-consult.de\/at\/wp-json\/wp\/v2\/pages\/4485"}],"wp:attachment":[{"href":"https:\/\/www.hundt-consult.de\/at\/wp-json\/wp\/v2\/media?parent=4493"}],"curies":[{"name":"wp","href":"https:\/\/api.w.org\/{rel}","templated":true}]}}