{"id":4482,"date":"2024-03-22T07:56:07","date_gmt":"2024-03-22T06:56:07","guid":{"rendered":"https:\/\/www.hundt-consult.de\/?page_id=4482"},"modified":"2026-02-02T13:33:22","modified_gmt":"2026-02-02T12:33:22","slug":"gute-gruende","status":"publish","type":"page","link":"https:\/\/www.hundt-consult.de\/at\/gute-gruende\/","title":{"rendered":"Gute Gr\u00fcnde"},"content":{"rendered":"<!--blockstudio\/blockstudio\/banner-->\n<div id=\"blockstudio-5a5bbab99cfc\" class=\"px-banner  animate animate-parent\" data-delay=\"250\">\n\t\t<div class=\"image\">\n        <div class=\"bg-red col fadeInLeft\"><\/div>\n\t\t<img loading=\"lazy\" decoding=\"async\" width=\"2560\" height=\"1707\" src=\"https:\/\/www.hundt-consult.de\/wp-content\/uploads\/2024\/01\/shutterstock_740754769-scaled.jpg\" class=\"attachment-Full Size size-Full Size\" alt=\"\" srcset=\"https:\/\/www.hundt-consult.de\/wp-content\/uploads\/2024\/01\/shutterstock_740754769-scaled.jpg 2560w, https:\/\/www.hundt-consult.de\/wp-content\/uploads\/2024\/01\/shutterstock_740754769-300x200.jpg 300w, https:\/\/www.hundt-consult.de\/wp-content\/uploads\/2024\/01\/shutterstock_740754769-1024x683.jpg 1024w, https:\/\/www.hundt-consult.de\/wp-content\/uploads\/2024\/01\/shutterstock_740754769-768x512.jpg 768w, https:\/\/www.hundt-consult.de\/wp-content\/uploads\/2024\/01\/shutterstock_740754769-1536x1024.jpg 1536w, https:\/\/www.hundt-consult.de\/wp-content\/uploads\/2024\/01\/shutterstock_740754769-2048x1365.jpg 2048w\" sizes=\"auto, (max-width: 2560px) 100vw, 2560px\" \/>\t <\/div> <!-- End Media wrapper -->\n\t\t\t<div class=\"text col fadeInLeft\">\n\t\t<div class=\"text-inner\">\n\t\t\t<h1>Mit HUNDT CONSULT schicken Sie Ihre Kosten in den Keller. <\/h1>\n\t\t\t<div><\/div>\n                            <div class=\"buttons text-\">\n\t\t\t\t\t                        <a href=\"https:\/\/www.hundt-consult.de\/at\/kontakt\/\" class=\"btn button\">HUNDT CONSULT kontaktieren<\/a>\n                                    <\/div>\n\t\t\t\t\t<\/div>\n\t<\/div>\n\t\n                    <div class=\"contact col fadeInRight \">\n\n                                                    <div class=\"phone cta\">\n                        <p class=\"info\">Telefonische Beratung<\/p>\n                        <a href=\"tel:+43192820642\" target=\"_self\"><img decoding=\"async\" class=\"svg-custom\" alt=\"phone\" src=\"https:\/\/www.hundt-consult.de\/wp-content\/themes\/hph-gmbh\/img\/phone.svg\" \/>+43 (1) 92820642<\/a>\n                    <\/div>\n                \n                                    <div class=\"mail cta\">\n                        <p class=\"info\">Schreiben Sie uns<\/p>\n                        <a href=\"mailto:wien@hundt-consult.at\"><img decoding=\"async\" class=\"svg-custom\" alt=\"mail\" src=\"https:\/\/www.hundt-consult.de\/wp-content\/themes\/hph-gmbh\/img\/mail.svg\" \/>wien@hundt-consult.at<\/a>\n                    <\/div>\n                \n            <\/div>\n        <\/div>\n\n\n\n\n<div style=\"height:130px\" aria-hidden=\"true\" class=\"wp-block-spacer\"><\/div>\n\n\n\n<p class=\"is-style-roofline\">Viele gute Argumente.<\/p>\n\n\n\n<h2 class=\"wp-block-heading is-style-line\">Eine einfache Entscheidung.<\/h2>\n\n\n\n<div class=\"wp-block-columns is-layout-flex wp-container-core-columns-is-layout-9d6595d7 wp-block-columns-is-layout-flex\">\n<div class=\"wp-block-column is-layout-flow wp-block-column-is-layout-flow\">\n<p>Ein Unternehmen erfolgreich zu f\u00fchren, wird nicht einfacher. Seien es der Mangel an Fachkr\u00e4ften oder komplizierte ESG-Regularien, seien es die T\u00fccken der Digitalisierung, immer schwierigere M\u00e4rkte oder kaum mehr planbare Budgets: Sie sehen sich heute Herausforderungen gegen\u00fcber, die noch vor einigen Jahren gar kein Thema waren, aber jetzt sehr schnell zu Buche schlagen k\u00f6nnen.<\/p>\n<\/div>\n\n\n\n<div class=\"wp-block-column is-layout-flow wp-block-column-is-layout-flow\">\n<p>All das gilt \u2013 nat\u00fcrlich \u2013 auch beim Betrieb von Aufz\u00fcgen und Fahrtreppen, und bei all dem kann Ihnen HUNDT CONSULT manche Sorge ersparen.<br>Es rechnet sich:<\/p>\n<\/div>\n<\/div>\n\n\n\n<div style=\"height:130px\" aria-hidden=\"true\" class=\"wp-block-spacer\"><\/div>\n\n\n<!--blockstudio\/blockstudio\/anchor-->\n<div class=\"\" id=\"fachkraft\">\n\t<\/div>\n\n\n<!--blockstudio\/blockstudio\/textimages--><div id=\"blockstudio-70ccdd80ff79\" class=\"px-textimages imageposition-left\">\n\t<div class=\"px-textimages-inner\">\n\t\t\t\t\t<div class=\"col image animate animate-parent\" data-delay=\"250\">\n\t\t\t    \t\t\t\t\t<div class=\"image-big\">\n\t\t\t\t\t\t<img loading=\"lazy\" decoding=\"async\" width=\"830\" height=\"553\" src=\"https:\/\/www.hundt-consult.de\/wp-content\/uploads\/2023\/10\/adobestock_350353124-scaled.jpeg\" class=\"attachment-830x830 size-830x830\" alt=\"\" srcset=\"https:\/\/www.hundt-consult.de\/wp-content\/uploads\/2023\/10\/adobestock_350353124-scaled.jpeg 2560w, https:\/\/www.hundt-consult.de\/wp-content\/uploads\/2023\/10\/adobestock_350353124-300x200.jpeg 300w, https:\/\/www.hundt-consult.de\/wp-content\/uploads\/2023\/10\/adobestock_350353124-1024x683.jpeg 1024w, https:\/\/www.hundt-consult.de\/wp-content\/uploads\/2023\/10\/adobestock_350353124-768x512.jpeg 768w, https:\/\/www.hundt-consult.de\/wp-content\/uploads\/2023\/10\/adobestock_350353124-1536x1024.jpeg 1536w, https:\/\/www.hundt-consult.de\/wp-content\/uploads\/2023\/10\/adobestock_350353124-2048x1365.jpeg 2048w\" sizes=\"auto, (max-width: 830px) 100vw, 830px\">\t\t\t\t\t<\/div>\n\t\t\t\t                <div class=\"bg-red\">\n                    <div class=\"red col fadeInLeft\"><\/div>\n                    <div class=\"grey\"><\/div>\n                <\/div>\n\t\t\t<\/div>\n\n\t\t\t<div class=\"col text\">\n                                    <div class=\"headline-wrap\">\n                                                    <p class=\"roofline text-left\">Fachkr&auml;fte:<\/p>\n                        \n                                                    <h2 class=\"headline text-left\">Externe statt Mangel. <\/h2>\n                                            <\/div>\n                \n\n\n\n                <div class=\"text-inner\">\n                \n\t            <div>\n\n<p>Um zuverl&auml;ssig zu arbeiten, braucht schon ein einzelner Aufzug im Schnitt etwa 15 Mannstunden pro Jahr. Das entspricht j&auml;hrlich etwa 900 Euro f&uuml;r Mitarbeiter- und interne Prozesskosten. Mit dem Outsourcing an HUNDT CONSULT wird es deutlich g&uuml;nstiger &ndash; und gleichzeitig zuverl&auml;ssiger: Sie nutzen ein hoch spezialisiertes und erfahrenes Team und minimieren Betriebs- und Haftungsrisiken.<\/p>\n\n<\/div>\n\n                                <div class=\"buttons text-left\">\n                                        <a href=\"https:\/\/www.hundt-consult.de\/at\/leistungen\/liftmanagement\/\" class=\"linkarrow\">Zum LIFTMANAGEMENT<\/a>\n                                    <\/div>\n                                    <\/div>\n\n\t\t\t<\/div>\n\t\t\t<\/div>\n<\/div>\n\n\n\n\n\n<div style=\"height:130px\" aria-hidden=\"true\" class=\"wp-block-spacer\"><\/div>\n\n\n<!--blockstudio\/blockstudio\/anchor-->\n<div class=\"\" id=\"esg\">\n\t<\/div>\n\n\n<!--blockstudio\/blockstudio\/textimages--><div id=\"blockstudio-c8e8f29cc647\" class=\"px-textimages imageposition-right\">\n\t<div class=\"px-textimages-inner\">\n\t\t\t\t\t<div class=\"col text\">\n                                    <div class=\"headline-wrap\">\n                                                    <p class=\"roofline text-left\">ESG-Regularien: <\/p>\n                                                                            <h2 class=\"headline text-left\">Optimierte Nachhaltigkeit<\/h2>\n                                            <\/div>\n                \n\t\t\t\t<div class=\"text-inner\">\n                    <div class=\"text-new\">\n                        <div>\n\n<p>Umwelt-, Nachhaltigkeits- und Sozialfragen werden in jedem Betrieb lauter und durchdringender, auch in Form von immer neuen Anforderungen, Regeln und Gesetzen.<br>Doch was so anstrengend scheint, ist auch eine echte Chance &ndash; die wir gern f&uuml;r Sie wahrnehmen: Denn unsere ESG-Checks und Energieeffizienzanalysen finden Optimierungspotentiale und zeigen die Schritte, mit denen Sie alle Regularien erf&uuml;llen und oft erheblich Kosten sparen.<\/p>\n\n<\/div>\n                    <\/div>\n\t\t\t\t\t                        <div class=\"buttons text-left\">\n                                                            <a href=\"https:\/\/www.hundt-consult.de\/at\/leistungen\/esg-check\/\" class=\"linkarrow\">Zum ESG-Check<\/a>\n                                                    <\/div>\n\t\t\t\t\t\t\t\t\t<\/div>\n\t\t\t<\/div>\n\t\t\t<div class=\"col image animate animate-parent\" data-delay=\"250\">\n\t\t\t\t\t\t\t\t\t<div class=\"image-big col fadeInRight\">\n\t\t\t\t\t\t<img loading=\"lazy\" decoding=\"async\" width=\"830\" height=\"553\" src=\"https:\/\/www.hundt-consult.de\/wp-content\/uploads\/2024\/01\/istock-1414916304-esc-scaled.jpg\" class=\"attachment-830x830 size-830x830\" alt=\"\" srcset=\"https:\/\/www.hundt-consult.de\/wp-content\/uploads\/2024\/01\/istock-1414916304-esc-scaled.jpg 2560w, https:\/\/www.hundt-consult.de\/wp-content\/uploads\/2024\/01\/istock-1414916304-esc-300x200.jpg 300w, https:\/\/www.hundt-consult.de\/wp-content\/uploads\/2024\/01\/istock-1414916304-esc-1024x683.jpg 1024w, https:\/\/www.hundt-consult.de\/wp-content\/uploads\/2024\/01\/istock-1414916304-esc-768x512.jpg 768w, https:\/\/www.hundt-consult.de\/wp-content\/uploads\/2024\/01\/istock-1414916304-esc-1536x1024.jpg 1536w, https:\/\/www.hundt-consult.de\/wp-content\/uploads\/2024\/01\/istock-1414916304-esc-2048x1365.jpg 2048w\" sizes=\"auto, (max-width: 830px) 100vw, 830px\">\t\t\t\t\t<\/div>\n\t\t\t\t                <div class=\"bg-red\">\n                    <div class=\"red col fadeInRight\"><\/div>\n                    <div class=\"grey\"><\/div>\n                <\/div>\n\t\t\t<\/div>\n\t\t\t<\/div>\n<\/div>\n\n\n\n\n\n<div style=\"height:130px\" aria-hidden=\"true\" class=\"wp-block-spacer\"><\/div>\n\n\n<!--blockstudio\/blockstudio\/anchor-->\n<div class=\"\" id=\"digitalisierung\">\n\t<\/div>\n\n\n<!--blockstudio\/blockstudio\/textimages--><div id=\"blockstudio-c2ffe0b33044\" class=\"px-textimages imageposition-left\">\n\t<div class=\"px-textimages-inner\">\n\t\t\t\t\t<div class=\"col image animate animate-parent\" data-delay=\"250\">\n\t\t\t    \t\t\t\t\t<div class=\"image-big\">\n\t\t\t\t\t\t<img loading=\"lazy\" decoding=\"async\" width=\"830\" height=\"436\" src=\"https:\/\/www.hundt-consult.de\/wp-content\/uploads\/2024\/01\/istock-1334595508-scaled.jpg\" class=\"attachment-830x830 size-830x830\" alt=\"\" srcset=\"https:\/\/www.hundt-consult.de\/wp-content\/uploads\/2024\/01\/istock-1334595508-scaled.jpg 2560w, https:\/\/www.hundt-consult.de\/wp-content\/uploads\/2024\/01\/istock-1334595508-300x158.jpg 300w, https:\/\/www.hundt-consult.de\/wp-content\/uploads\/2024\/01\/istock-1334595508-1024x538.jpg 1024w, https:\/\/www.hundt-consult.de\/wp-content\/uploads\/2024\/01\/istock-1334595508-768x404.jpg 768w, https:\/\/www.hundt-consult.de\/wp-content\/uploads\/2024\/01\/istock-1334595508-1536x808.jpg 1536w, https:\/\/www.hundt-consult.de\/wp-content\/uploads\/2024\/01\/istock-1334595508-2048x1077.jpg 2048w\" sizes=\"auto, (max-width: 830px) 100vw, 830px\">\t\t\t\t\t<\/div>\n\t\t\t\t                <div class=\"bg-red\">\n                    <div class=\"red col fadeInLeft\"><\/div>\n                    <div class=\"grey\"><\/div>\n                <\/div>\n\t\t\t<\/div>\n\n\t\t\t<div class=\"col text\">\n                                    <div class=\"headline-wrap\">\n                                                    <p class=\"roofline text-left\">Digitalisierung: <\/p>\n                        \n                                                    <h2 class=\"headline text-left\">KI clever eingesetzt.<\/h2>\n                                            <\/div>\n                \n\n\n\n                <div class=\"text-inner\">\n                \n\t            <div>\n\n<p>KI ist aktuell in aller Munde, f&uuml;r HUNDT CONSULT ist sie schon seit Jahren erfolgreich im Einsatz, in mittlerweile &uuml;ber 10.000 Aufzugsanlagen. Wie sein Name schon sagt, &uuml;berwacht der LIFT GUARDIAN den t&auml;glichen Betrieb und meldet uns zuverl&auml;ssig selbst kleinste Unregelm&auml;&szlig;igkeiten. Auf diese Weise k&ouml;nnen wir agieren, bevor es zu echten St&ouml;rungen kommt. Die &Uuml;berwachung rund um die Uhr erlaubt gleichzeitig nutzungsbasierte Wartungsintervalle, und auch das ist ein Beitrag zur Kostensenkung.<\/p>\n\n<\/div>\n\n                                <div class=\"buttons text-left\">\n                                        <a href=\"https:\/\/www.hundt-consult.de\/at\/leistungen\/lift-guardian\/\" class=\"linkarrow\">Zum LIFT GUARDIAN<\/a>\n                                    <\/div>\n                                    <\/div>\n\n\t\t\t<\/div>\n\t\t\t<\/div>\n<\/div>\n\n\n\n\n\n<div style=\"height:130px\" aria-hidden=\"true\" class=\"wp-block-spacer\"><\/div>\n\n\n<!--blockstudio\/blockstudio\/anchor-->\n<div class=\"\" id=\"budget\">\n\t<\/div>\n\n\n<!--blockstudio\/blockstudio\/textimages--><div id=\"blockstudio-ee436cf645b0\" class=\"px-textimages imageposition-right\">\n\t<div class=\"px-textimages-inner\">\n\t\t\t\t\t<div class=\"col text\">\n                                    <div class=\"headline-wrap\">\n                                                    <p class=\"roofline text-left\">M&auml;rkte und Budgets: <\/p>\n                                                                            <h2 class=\"headline text-left\">Expertise rechnet sich.<\/h2>\n                                            <\/div>\n                \n\t\t\t\t<div class=\"text-inner\">\n                    <div class=\"text-new\">\n                        <div>\n\n<p>Ob Neubau, Modernisierung oder laufender Betrieb: In Sachen Geb&auml;udef&ouml;rdertechnik und Liftmanagement ist HUNDT CONSULT heute das gr&ouml;&szlig;te unabh&auml;ngige Unternehmen im DACH-Raum und Europa. Das sichert uns eine starke Verhandlungsposition in einem Markt, der ansonsten von nur wenigen Herstellern und Dienstleistern dominiert wird. Es sichert Ihnen kompetente Beratung, modernste Technik und umfassenden Service &ndash; und all das zu validen, planbaren Budgets.<\/p>\n\n<\/div>\n                    <\/div>\n\t\t\t\t\t                        <div class=\"buttons text-left\">\n                                                            <a href=\"https:\/\/www.hundt-consult.de\/at\/leistungen\/\" class=\"linkarrow\">Unser Leistungsspektrum<\/a>\n                                                    <\/div>\n\t\t\t\t\t\t\t\t\t<\/div>\n\t\t\t<\/div>\n\t\t\t<div class=\"col image animate animate-parent\" data-delay=\"250\">\n\t\t\t\t\t\t\t\t\t<div class=\"image-big col fadeInRight\">\n\t\t\t\t\t\t<img loading=\"lazy\" decoding=\"async\" width=\"553\" height=\"830\" src=\"https:\/\/www.hundt-consult.de\/wp-content\/uploads\/2024\/01\/istock-1253378514-scaled.jpg\" class=\"attachment-830x830 size-830x830\" alt=\"\" srcset=\"https:\/\/www.hundt-consult.de\/wp-content\/uploads\/2024\/01\/istock-1253378514-scaled.jpg 1706w, https:\/\/www.hundt-consult.de\/wp-content\/uploads\/2024\/01\/istock-1253378514-200x300.jpg 200w, https:\/\/www.hundt-consult.de\/wp-content\/uploads\/2024\/01\/istock-1253378514-683x1024.jpg 683w, https:\/\/www.hundt-consult.de\/wp-content\/uploads\/2024\/01\/istock-1253378514-768x1152.jpg 768w, https:\/\/www.hundt-consult.de\/wp-content\/uploads\/2024\/01\/istock-1253378514-1024x1536.jpg 1024w, https:\/\/www.hundt-consult.de\/wp-content\/uploads\/2024\/01\/istock-1253378514-1365x2048.jpg 1365w\" sizes=\"auto, (max-width: 553px) 100vw, 553px\">\t\t\t\t\t<\/div>\n\t\t\t\t                <div class=\"bg-red\">\n                    <div class=\"red col fadeInRight\"><\/div>\n                    <div class=\"grey\"><\/div>\n                <\/div>\n\t\t\t<\/div>\n\t\t\t<\/div>\n<\/div>\n\n\n\n\n\n<div style=\"height:130px\" aria-hidden=\"true\" class=\"wp-block-spacer\"><\/div>\n\n\n\n<p class=\"has-text-align-center is-style-roofline\">Das ist unser einfaches Versprechen:<\/p>\n\n\n\n<h3 class=\"wp-block-heading has-text-align-center\"><mark style=\"background-color:rgba(0, 0, 0, 0)\" class=\"has-inline-color has-color-main-color\">\u201eL\u00e4uft!\u201c<\/mark> senkt die laufenden Kosten.<\/h3>\n\n\n\n<div style=\"height:235px\" aria-hidden=\"true\" class=\"wp-block-spacer\"><\/div>\n","protected":false},"excerpt":{"rendered":"<p>Viele gute Argumente. Eine einfache Entscheidung. Ein Unternehmen erfolgreich zu f\u00fchren, wird nicht einfacher. Seien es der Mangel an Fachkr\u00e4ften oder komplizierte ESG-Regularien, seien es die T\u00fccken der Digitalisierung, immer schwierigere M\u00e4rkte oder kaum mehr planbare Budgets: Sie sehen sich heute Herausforderungen gegen\u00fcber, die noch vor einigen Jahren gar kein Thema waren, aber jetzt sehr [&hellip;]<\/p>\n","protected":false},"author":4,"featured_media":0,"parent":0,"menu_order":25,"comment_status":"closed","ping_status":"closed","template":"","meta":{"_acf_changed":false,"footnotes":""},"class_list":["post-4482","page","type-page","status-publish","hentry"],"acf":[],"_links":{"self":[{"href":"https:\/\/www.hundt-consult.de\/at\/wp-json\/wp\/v2\/pages\/4482","targetHints":{"allow":["GET"]}}],"collection":[{"href":"https:\/\/www.hundt-consult.de\/at\/wp-json\/wp\/v2\/pages"}],"about":[{"href":"https:\/\/www.hundt-consult.de\/at\/wp-json\/wp\/v2\/types\/page"}],"author":[{"embeddable":true,"href":"https:\/\/www.hundt-consult.de\/at\/wp-json\/wp\/v2\/users\/4"}],"replies":[{"embeddable":true,"href":"https:\/\/www.hundt-consult.de\/at\/wp-json\/wp\/v2\/comments?post=4482"}],"version-history":[{"count":4,"href":"https:\/\/www.hundt-consult.de\/at\/wp-json\/wp\/v2\/pages\/4482\/revisions"}],"predecessor-version":[{"id":6000,"href":"https:\/\/www.hundt-consult.de\/at\/wp-json\/wp\/v2\/pages\/4482\/revisions\/6000"}],"wp:attachment":[{"href":"https:\/\/www.hundt-consult.de\/at\/wp-json\/wp\/v2\/media?parent=4482"}],"curies":[{"name":"wp","href":"https:\/\/api.w.org\/{rel}","templated":true}]}}