{"id":4442,"date":"2023-10-24T13:15:43","date_gmt":"2023-10-24T11:15:43","guid":{"rendered":"https:\/\/www.hundt-consult.de\/?page_id=4442"},"modified":"2026-02-02T13:30:35","modified_gmt":"2026-02-02T12:30:35","slug":"lift-guardian","status":"publish","type":"page","link":"https:\/\/www.hundt-consult.de\/at\/leistungen\/lift-guardian\/","title":{"rendered":"LIFT GUARDIAN"},"content":{"rendered":"<!--blockstudio\/blockstudio\/banner-->\n<div id=\"blockstudio-2bc5c4b9b9af\" class=\"px-banner  animate animate-parent\" data-delay=\"250\">\n\t\t<div class=\"image\">\n        <div class=\"bg-red col fadeInLeft\"><\/div>\n\t\t<img loading=\"lazy\" decoding=\"async\" width=\"2560\" height=\"1706\" src=\"https:\/\/www.hundt-consult.de\/wp-content\/uploads\/2024\/01\/shutterstock_710243539-scaled.jpg\" class=\"attachment-Full Size size-Full Size\" alt=\"\" srcset=\"https:\/\/www.hundt-consult.de\/wp-content\/uploads\/2024\/01\/shutterstock_710243539-scaled.jpg 2560w, https:\/\/www.hundt-consult.de\/wp-content\/uploads\/2024\/01\/shutterstock_710243539-300x200.jpg 300w, https:\/\/www.hundt-consult.de\/wp-content\/uploads\/2024\/01\/shutterstock_710243539-1024x683.jpg 1024w, https:\/\/www.hundt-consult.de\/wp-content\/uploads\/2024\/01\/shutterstock_710243539-768x512.jpg 768w, https:\/\/www.hundt-consult.de\/wp-content\/uploads\/2024\/01\/shutterstock_710243539-1536x1024.jpg 1536w, https:\/\/www.hundt-consult.de\/wp-content\/uploads\/2024\/01\/shutterstock_710243539-2048x1365.jpg 2048w\" sizes=\"auto, (max-width: 2560px) 100vw, 2560px\" \/>\t <\/div> <!-- End Media wrapper -->\n\t\t\t<div class=\"text col fadeInLeft\">\n\t\t<div class=\"text-inner\">\n\t\t\t<h1>LIFT GUARDIAN &#8211; Die &#8222;White Box&#8220; f\u00fcr Ihre Aufzugsanlage<\/h1>\n\t\t\t<div><\/div>\n                            <div class=\"buttons text-\">\n\t\t\t\t\t                        <a href=\"https:\/\/www.hundt-consult.de\/at\/kontakt\/\" class=\"btn button\">LIFT GUARDIAN anfragen<\/a>\n                                    <\/div>\n\t\t\t\t\t<\/div>\n\t<\/div>\n\t\n                    <div class=\"contact col fadeInRight \">\n\n                                                    <div class=\"phone cta\">\n                        <p class=\"info\">Telefonische Beratung<\/p>\n                        <a href=\"tel:+43192820642\" target=\"_self\"><img decoding=\"async\" class=\"svg-custom\" alt=\"phone\" src=\"https:\/\/www.hundt-consult.de\/wp-content\/themes\/hph-gmbh\/img\/phone.svg\" \/>+43 (1) 92820642<\/a>\n                    <\/div>\n                \n                                    <div class=\"mail cta\">\n                        <p class=\"info\">Schreiben Sie uns<\/p>\n                        <a href=\"mailto:wien@hundt-consult.at\"><img decoding=\"async\" class=\"svg-custom\" alt=\"mail\" src=\"https:\/\/www.hundt-consult.de\/wp-content\/themes\/hph-gmbh\/img\/mail.svg\" \/>wien@hundt-consult.at<\/a>\n                    <\/div>\n                \n            <\/div>\n        <\/div>\n\n\n\n\n<div style=\"height:130px\" aria-hidden=\"true\" class=\"wp-block-spacer\"><\/div>\n\n\n\n<p class=\"is-style-roofline\">LIFT GUARDIAN<\/p>\n\n\n\n<h2 class=\"wp-block-heading is-style-line\">Wo wir mit KI \u00fcberwachen, <br>m\u00fcssen Sie weniger warten.<\/h2>\n\n\n\n<div class=\"wp-block-columns is-layout-flex wp-container-core-columns-is-layout-9d6595d7 wp-block-columns-is-layout-flex\">\n<div class=\"wp-block-column is-layout-flow wp-block-column-is-layout-flow\">\n<p>Bevor der Betrieb stockt und eine Aufzugsanlage pl\u00f6tzlich nicht mehr will, hat es meist schon vorher St\u00f6rungen gegeben. Eine T\u00fcr schlie\u00dft langsamer, hin und wieder gibt\u2018s ein leichtes Ruckeln oder minimale, unbemerkte Spannungsschwankungen\u2026nichts Dramatisches also. <br>Dabei k\u00f6nnen gerade solche unauff\u00e4lligen Kleinigkeiten gr\u00f6\u00dfere Probleme ank\u00fcndigen. Um sie zu vermeiden, m\u00fcsste es einen kosteng\u00fcnstigen Weg geben, die \u201eBlack Box\u201c Aufzug rund um die Uhr zu beobachten.<\/p>\n\n\n\n<p>Genau daf\u00fcr haben wir in Eigenleistung den <mark style=\"background-color:rgba(0, 0, 0, 0)\" class=\"has-inline-color has-color-main-color\">LIFT GUARDIAN<\/mark> entwickelt. <br>Mit dieser \u201eWhite Box\u201c wird der Betrieb Ihrer Aufzugsanlage komplett transparent.<\/p>\n\n\n\n<p class=\"is-style-btn\"><a href=\"https:\/\/www.hundt-consult.de\/at\/kontakt\/\">Jetzt unseren LIFT GUARDIAN anfragen<\/a><\/p>\n<\/div>\n\n\n\n<div class=\"wp-block-column is-layout-flow wp-block-column-is-layout-flow\"><div class=\"wp-block-image\">\n<figure class=\"aligncenter size-full\"><img loading=\"lazy\" decoding=\"async\" width=\"546\" height=\"414\" src=\"https:\/\/www.hundt-consult.de\/wp-content\/uploads\/2023\/11\/iot2.jpg\" alt=\"\" class=\"wp-image-1145\" srcset=\"https:\/\/www.hundt-consult.de\/wp-content\/uploads\/2023\/11\/iot2.jpg 546w, https:\/\/www.hundt-consult.de\/wp-content\/uploads\/2023\/11\/iot2-300x227.jpg 300w\" sizes=\"auto, (max-width: 546px) 100vw, 546px\" \/><\/figure>\n<\/div><\/div>\n<\/div>\n\n\n\n<div style=\"height:130px\" aria-hidden=\"true\" class=\"wp-block-spacer\"><\/div>\n\n\n\n<div class=\"wp-block-columns is-layout-flex wp-container-core-columns-is-layout-9d6595d7 wp-block-columns-is-layout-flex\">\n<div class=\"wp-block-column is-layout-flow wp-block-column-is-layout-flow\" style=\"flex-basis:33.33%\"><div class=\"wp-block-image\">\n<figure class=\"aligncenter size-full is-resized\"><img loading=\"lazy\" decoding=\"async\" width=\"400\" height=\"400\" src=\"https:\/\/www.hundt-consult.de\/wp-content\/uploads\/2023\/11\/preis219.jpg\" alt=\"\" class=\"wp-image-1183\" style=\"width:auto;height:220px\" srcset=\"https:\/\/www.hundt-consult.de\/wp-content\/uploads\/2023\/11\/preis219.jpg 400w, https:\/\/www.hundt-consult.de\/wp-content\/uploads\/2023\/11\/preis219-300x300.jpg 300w, https:\/\/www.hundt-consult.de\/wp-content\/uploads\/2023\/11\/preis219-150x150.jpg 150w\" sizes=\"auto, (max-width: 400px) 100vw, 400px\" \/><\/figure>\n<\/div><\/div>\n\n\n\n<div class=\"wp-block-column is-layout-flow wp-block-column-is-layout-flow\" style=\"flex-basis:66.66%\"><div class=\"wp-block-image\">\n<figure class=\"aligncenter size-large is-resized\"><img loading=\"lazy\" decoding=\"async\" width=\"1024\" height=\"249\" src=\"https:\/\/www.hundt-consult.de\/wp-content\/uploads\/2023\/11\/lift-guardian-1024x249.jpg\" alt=\"\" class=\"wp-image-1165\" style=\"width:auto;height:220px\" srcset=\"https:\/\/www.hundt-consult.de\/wp-content\/uploads\/2023\/11\/lift-guardian-1024x249.jpg 1024w, https:\/\/www.hundt-consult.de\/wp-content\/uploads\/2023\/11\/lift-guardian-300x73.jpg 300w, https:\/\/www.hundt-consult.de\/wp-content\/uploads\/2023\/11\/lift-guardian-768x187.jpg 768w, https:\/\/www.hundt-consult.de\/wp-content\/uploads\/2023\/11\/lift-guardian.jpg 1164w\" sizes=\"auto, (max-width: 1024px) 100vw, 1024px\" \/><\/figure>\n<\/div><\/div>\n<\/div>\n\n\n\n<div style=\"height:130px\" aria-hidden=\"true\" class=\"wp-block-spacer\"><\/div>\n\n\n<!--blockstudio\/blockstudio\/textimages--><div id=\"blockstudio-6a700ab55ca2\" class=\"px-textimages imageposition-left\">\n\t<div class=\"px-textimages-inner\">\n\t\t\t\t\t<div class=\"col image animate animate-parent\" data-delay=\"250\">\n\t\t\t    \t\t\t\t\t<div class=\"image-big\">\n\t\t\t\t\t\t<img loading=\"lazy\" decoding=\"async\" width=\"830\" height=\"553\" src=\"https:\/\/www.hundt-consult.de\/wp-content\/uploads\/2023\/10\/adobestock_559613692-gespiegelt-scaled.jpg\" class=\"attachment-830x830 size-830x830\" alt=\"\" srcset=\"https:\/\/www.hundt-consult.de\/wp-content\/uploads\/2023\/10\/adobestock_559613692-gespiegelt-scaled.jpg 2560w, https:\/\/www.hundt-consult.de\/wp-content\/uploads\/2023\/10\/adobestock_559613692-gespiegelt-300x200.jpg 300w, https:\/\/www.hundt-consult.de\/wp-content\/uploads\/2023\/10\/adobestock_559613692-gespiegelt-1024x683.jpg 1024w, https:\/\/www.hundt-consult.de\/wp-content\/uploads\/2023\/10\/adobestock_559613692-gespiegelt-768x512.jpg 768w, https:\/\/www.hundt-consult.de\/wp-content\/uploads\/2023\/10\/adobestock_559613692-gespiegelt-1536x1024.jpg 1536w, https:\/\/www.hundt-consult.de\/wp-content\/uploads\/2023\/10\/adobestock_559613692-gespiegelt-2048x1365.jpg 2048w\" sizes=\"auto, (max-width: 830px) 100vw, 830px\">\t\t\t\t\t<\/div>\n\t\t\t\t                <div class=\"bg-red\">\n                    <div class=\"red col fadeInLeft\"><\/div>\n                    <div class=\"grey\"><\/div>\n                <\/div>\n\t\t\t<\/div>\n\n\t\t\t<div class=\"col text\">\n                                    <div class=\"headline-wrap\">\n                                                    <p class=\"roofline text-left\">Funktionsweise<\/p>\n                        \n                                                    <h3 class=\"headline text-left\">So beh&auml;lt der LIFT GUARDIAN Ihre Anlage im Blick<\/h3>\n                                            <\/div>\n                \n\n\n\n                <div class=\"text-inner\">\n                \n\t            <div>\n\n<p>Unabh&auml;ngig vom Aufzugshersteller und verbauten Komponenten, wird der LIFT GUARDIAN schnittstellenfrei oben auf der Kabine installiert. Hochentwickelte Sensoren &uuml;berpr&uuml;fen den Aufzug permanent auf Unregelm&auml;&szlig;igkeiten. <\/p>\n\n\n\n<p>Ihre Daten werden mithilfe von Algorithmen und KI analysiert und aufbereitet und in Echtzeit in einem benutzerfreundlichen Dashboard dargestellt.<\/p>\n\n<\/div>\n\n                                <div class=\"buttons text-left\">\n                                        <a href=\"https:\/\/www.hundt-consult.de\/at\/kontakt\/\" class=\"linkarrow\">LIFT GUARDIAN anfragen<\/a>\n                                    <\/div>\n                                    <\/div>\n\n\t\t\t<\/div>\n\t\t\t<\/div>\n<\/div>\n\n\n\n\n\n<div style=\"height:130px\" aria-hidden=\"true\" class=\"wp-block-spacer\"><\/div>\n\n\n\n<div class=\"wp-block-columns is-layout-flex wp-container-core-columns-is-layout-9d6595d7 wp-block-columns-is-layout-flex\">\n<div class=\"wp-block-column is-layout-flow wp-block-column-is-layout-flow\">\n<p class=\"is-style-roofline\">Vorteile<\/p>\n\n\n\n<h3 class=\"wp-block-heading is-style-line\">Deshalb lohnt sich der LIFT GUARDIAN<\/h3>\n\n\n\n<p>Der <mark style=\"background-color:rgba(0, 0, 0, 0)\" class=\"has-inline-color has-color-main-color\">LIFT GUARDIAN<\/mark> zielt auf eine vorausschauende Instandhaltung (predictive maintenance) ab: Sie reduziert Ausfallzeiten und Kosten, sie steigert die Zufriedenheit der Nutzer. Das macht unser selbstentwickeltes IIoT-System auch zu Ihrer L\u00f6sung f\u00fcr eine nutzungsbasierte Wartung.<\/p>\n\n\n\n<p class=\"is-style-btn\"><a href=\"https:\/\/www.hundt-consult.de\/at\/kontakt\/\">Jetzt LIFT GUARDIAN anfragen<\/a><\/p>\n<\/div>\n\n\n\n<div class=\"wp-block-column is-layout-flow wp-block-column-is-layout-flow\">\n<figure class=\"wp-block-embed is-type-video is-provider-vimeo wp-block-embed-vimeo wp-embed-aspect-16-9 wp-has-aspect-ratio\"><div class=\"wp-block-embed__wrapper\">\n\t\t<div class=\"embed-privacy-container is-disabled embed-vimeo\" data-embed-id=\"oembed_65895809f37fb1c269374c6a72da5048\" data-embed-provider=\"vimeo\" style=\"aspect-ratio: 640\/360;\">\t\t\t\t\t\t<button type=\"button\" class=\"embed-privacy-enable screen-reader-text\">Display &quot;LIFT TECHNOLOGY GmbH &#8211; Erl\u00e4uterung und Nutzen des LIFT GUARDIAN &#8211; Full HD&quot; from Vimeo<\/button>\t\t\t\t\t\t<div class=\"embed-privacy-overlay\">\t\t\t\t<div class=\"embed-privacy-inner\">\t\t\t\t\t<div class=\"embed-privacy-logo\" style=\"background-image: url(https:\/\/www.hundt-consult.de\/wp-content\/plugins\/embed-privacy\/assets\/images\/embed-vimeo.png?ver=1.12.3);\"><\/div>\t\t<p>\t\tHier klicken, um den Inhalt von Vimeo anzuzeigen.\t\t\t\t\t<br>\t\t\t\t\tLearn more in <a href=\"https:\/\/vimeo.com\/privacy\" target=\"_blank\">Vimeo\u2019s privacy policy<\/a>.\t\t<\/p>\t\t<p class=\"embed-privacy-input-wrapper\">\t\t\t<input id=\"embed-privacy-store-vimeo-65895809f37fb1c269374c6a72da5048\" type=\"checkbox\" value=\"1\" class=\"embed-privacy-input\" data-embed-provider=\"vimeo\">\t\t\t<label for=\"embed-privacy-store-vimeo-65895809f37fb1c269374c6a72da5048\" class=\"embed-privacy-label\" data-embed-provider=\"vimeo\">\t\t\t\tAlways display content from Vimeo\t\t\t<\/label>\t\t<\/p>\t\t\t\t\t\t<\/div>\t\t\t\t\t\t\t\t<div class=\"embed-privacy-footer\"><span class=\"embed-privacy-url\"><a href=\"https:\/\/vimeo.com\/361787239\">Open &quot;LIFT TECHNOLOGY GmbH &#8211; Erl\u00e4uterung und Nutzen des LIFT GUARDIAN &#8211; Full HD&quot; directly<\/a><\/span><\/div>\t\t\t<\/div>\t\t\t\t\t\t<div class=\"embed-privacy-content\">\t\t\t\t<script>var _oembed_65895809f37fb1c269374c6a72da5048 = '{\\\"embed\\\":\\\"&lt;iframe title=&quot;LIFT TECHNOLOGY GmbH - Erl&auml;uterung und Nutzen des LIFT GUARDIAN - Full HD&quot; src=&quot;https:\\\\\/\\\\\/player.vimeo.com\\\\\/video\\\\\/361787239?dnt=1&amp;amp;app_id=122963&quot; width=&quot;640&quot; height=&quot;360&quot; frameborder=&quot;0&quot; allow=&quot;autoplay; fullscreen; picture-in-picture; clipboard-write; encrypted-media; web-share&quot; referrerpolicy=&quot;strict-origin-when-cross-origin&quot;&gt;&lt;\\\\\/iframe&gt;\\\"}';<\/script>\t\t\t<\/div>\t\t<\/div>\t\t\n<\/div><\/figure>\n<\/div>\n<\/div>\n\n\n\n<div style=\"height:235px\" aria-hidden=\"true\" class=\"wp-block-spacer\"><\/div>\n","protected":false},"excerpt":{"rendered":"<p>LIFT GUARDIAN Wo wir mit KI \u00fcberwachen, m\u00fcssen Sie weniger warten. Bevor der Betrieb stockt und eine Aufzugsanlage pl\u00f6tzlich nicht mehr will, hat es meist schon vorher St\u00f6rungen gegeben. Eine T\u00fcr schlie\u00dft langsamer, hin und wieder gibt\u2018s ein leichtes Ruckeln oder minimale, unbemerkte Spannungsschwankungen\u2026nichts Dramatisches also. Dabei k\u00f6nnen gerade solche unauff\u00e4lligen Kleinigkeiten gr\u00f6\u00dfere Probleme ank\u00fcndigen. [&hellip;]<\/p>\n","protected":false},"author":4,"featured_media":0,"parent":4417,"menu_order":7,"comment_status":"closed","ping_status":"closed","template":"","meta":{"_acf_changed":false,"footnotes":""},"class_list":["post-4442","page","type-page","status-publish","hentry"],"acf":[],"_links":{"self":[{"href":"https:\/\/www.hundt-consult.de\/at\/wp-json\/wp\/v2\/pages\/4442","targetHints":{"allow":["GET"]}}],"collection":[{"href":"https:\/\/www.hundt-consult.de\/at\/wp-json\/wp\/v2\/pages"}],"about":[{"href":"https:\/\/www.hundt-consult.de\/at\/wp-json\/wp\/v2\/types\/page"}],"author":[{"embeddable":true,"href":"https:\/\/www.hundt-consult.de\/at\/wp-json\/wp\/v2\/users\/4"}],"replies":[{"embeddable":true,"href":"https:\/\/www.hundt-consult.de\/at\/wp-json\/wp\/v2\/comments?post=4442"}],"version-history":[{"count":3,"href":"https:\/\/www.hundt-consult.de\/at\/wp-json\/wp\/v2\/pages\/4442\/revisions"}],"predecessor-version":[{"id":5997,"href":"https:\/\/www.hundt-consult.de\/at\/wp-json\/wp\/v2\/pages\/4442\/revisions\/5997"}],"up":[{"embeddable":true,"href":"https:\/\/www.hundt-consult.de\/at\/wp-json\/wp\/v2\/pages\/4417"}],"wp:attachment":[{"href":"https:\/\/www.hundt-consult.de\/at\/wp-json\/wp\/v2\/media?parent=4442"}],"curies":[{"name":"wp","href":"https:\/\/api.w.org\/{rel}","templated":true}]}}