{"id":4415,"date":"2024-01-31T21:26:28","date_gmt":"2024-01-31T20:26:28","guid":{"rendered":"https:\/\/www.hundt-consult.de\/?page_id=4415"},"modified":"2026-02-02T09:46:03","modified_gmt":"2026-02-02T08:46:03","slug":"auszeichnungen","status":"publish","type":"page","link":"https:\/\/www.hundt-consult.de\/at\/unternehmen\/auszeichnungen\/","title":{"rendered":"Auszeichnungen"},"content":{"rendered":"<!--blockstudio\/blockstudio\/banner-->\n<div id=\"blockstudio-1494d5da9d84\" class=\"px-banner  animate animate-parent\" data-delay=\"250\">\n\t\t<div class=\"image\">\n        <div class=\"bg-red col fadeInLeft\"><\/div>\n\t\t<img loading=\"lazy\" decoding=\"async\" width=\"2560\" height=\"1715\" src=\"https:\/\/www.hundt-consult.de\/wp-content\/uploads\/2024\/01\/shutterstock_1066022534-scaled.jpg\" class=\"attachment-Full Size size-Full Size\" alt=\"\" srcset=\"https:\/\/www.hundt-consult.de\/wp-content\/uploads\/2024\/01\/shutterstock_1066022534-scaled.jpg 2560w, https:\/\/www.hundt-consult.de\/wp-content\/uploads\/2024\/01\/shutterstock_1066022534-300x201.jpg 300w, https:\/\/www.hundt-consult.de\/wp-content\/uploads\/2024\/01\/shutterstock_1066022534-1024x686.jpg 1024w, https:\/\/www.hundt-consult.de\/wp-content\/uploads\/2024\/01\/shutterstock_1066022534-768x514.jpg 768w, https:\/\/www.hundt-consult.de\/wp-content\/uploads\/2024\/01\/shutterstock_1066022534-1536x1029.jpg 1536w, https:\/\/www.hundt-consult.de\/wp-content\/uploads\/2024\/01\/shutterstock_1066022534-2048x1372.jpg 2048w\" sizes=\"auto, (max-width: 2560px) 100vw, 2560px\" \/>\t <\/div> <!-- End Media wrapper -->\n\t\t\t<div class=\"text col fadeInLeft\">\n\t\t<div class=\"text-inner\">\n\t\t\t<h1>Auszeichnungen<\/h1>\n\t\t\t<div><\/div>\n            \t\t<\/div>\n\t<\/div>\n\t\n                    <div class=\"contact col fadeInRight \">\n\n                                                    <div class=\"phone cta\">\n                        <p class=\"info\">Telefonische Beratung<\/p>\n                        <a href=\"tel:+43192820642\" target=\"_self\"><img decoding=\"async\" class=\"svg-custom\" alt=\"phone\" src=\"https:\/\/www.hundt-consult.de\/wp-content\/themes\/hph-gmbh\/img\/phone.svg\" \/>+43 (1) 92820642<\/a>\n                    <\/div>\n                \n                                    <div class=\"mail cta\">\n                        <p class=\"info\">Schreiben Sie uns<\/p>\n                        <a href=\"mailto:wien@hundt-consult.at\"><img decoding=\"async\" class=\"svg-custom\" alt=\"mail\" src=\"https:\/\/www.hundt-consult.de\/wp-content\/themes\/hph-gmbh\/img\/mail.svg\" \/>wien@hundt-consult.at<\/a>\n                    <\/div>\n                \n            <\/div>\n        <\/div>\n\n\n\n\n<div style=\"height:130px\" aria-hidden=\"true\" class=\"wp-block-spacer\"><\/div>\n\n\n<!--blockstudio\/blockstudio\/frame-layout--><div id=\"fl-blockstudio-70ca06bd9ea5\" class=\"fl px-frame-layout\" data-frame=\"lightbgbox\" data-layout=\"layout-full-reduced\" data-margin-before=\"medium\" data-margin-after=\"medium\" >\n    <div class=\"inner\">\n        <div >\n\n<h3 class=\"wp-block-heading is-style-line\">Wieder <mark style=\"background-color:rgba(0, 0, 0, 0)\" class=\"has-inline-color has-color-main-color\">Wachstumschampion<\/mark><\/h3>\n\n\n\n<p>HUNDT CONSULT z\u00e4hlt zu Deutschlands Wachstumschampions 2026. Das Ranking f\u00fcr 2026 umfasst 300 Unternehmen mit den h\u00f6chsten Wachstumsraten von 2021 bis 2024. Auch dieses Jahr schafft es HUNDT CONSULT wieder unter die ausgezeichneten Firmen \u2013 bereits zum sechsten Mal seit 2018. Mit einem durchschnittlichen Umsatzwachstum von 16 % pro Jahr belegt HUNDT CONSULT Platz 192 im Gesamtranking. In der Branche Grundst\u00fcck und Wohnungswesen (Immobilien) kann der 2. Platz verzeichnet werden.<\/p>\n\n<\/div>\n    <\/div>\n<\/div>\n\n\n\n<h3 class=\"wp-block-heading is-style-line\">Besonders innovativ: HUNDT CONSULT ist <mark style=\"background-color:rgba(0, 0, 0, 0)\" class=\"has-inline-color has-color-main-color\">Innovationschampion 2025<\/mark><\/h3>\n\n\n\n<p>FOCUS-Business und das Recherche-Institut FactField ermitteln j\u00e4hrlich die innovativsten Unternehmen Deutschlands. In der Branche \u201eImmobilien \/ Facility Management\u201c geh\u00f6rt HUNDT CONSULT zu den \u201eInnovationschampions 2025\u201c. Die Studie umfasst 29 Branchen und bewertet die Unternehmen in f\u00fcnf Kategorien.<\/p>\n\n\n<!--blockstudio\/blockstudio\/frame-layout--><div id=\"fl-blockstudio-d539a50a29b0\" class=\"fl px-frame-layout\" data-frame=\"lightbgbox\" data-layout=\"layout-full-reduced\" data-margin-before=\"medium\" data-margin-after=\"medium\" >\n    <div class=\"inner\">\n        <div >\n\n<h3 class=\"wp-block-heading is-style-line\">Erneut mit <mark style=\"background-color:rgba(0, 0, 0, 0)\" class=\"has-inline-color has-color-main-color\">Hamburger Familiensiegel<\/mark> ausgezeichnet<\/h3>\n\n\n\n<p>Seit 2007 verleiht die Hamburger Allianz f\u00fcr Familien \u2013 eine Initiative der Sozialbeh\u00f6rde der Freien und Hansestadt Hamburg, der Handwerkskammer Hamburg sowie der Handelskammer Hamburg \u2013 das \u201eHamburger Familiensiegel\u201c an besonders familienfreundliche Unternehmen. 2024 wurde HUNDT CONSULT zum wiederholten Mal f\u00fcr seine familienfreundliche Firmenpolitik ausgezeichnet.<\/p>\n\n<\/div>\n    <\/div>\n<\/div>\n\n\n\n<h3 class=\"wp-block-heading is-style-line\"><mark style=\"background-color:rgba(0, 0, 0, 0)\" class=\"has-inline-color has-color-main-color\">HUNDT CONSULT<\/mark> ist Wachstumschampion 2024<\/h3>\n\n\n\n<p>Zum f\u00fcnften Mal ist HUNDT CONSULT unter den 500 wachstumsst\u00e4rksten Unternehmen in Deutschland. In der Kategorie \u201eImmobilien\u201c belegte HUNDT CONSULT den 8. Platz. Zum Hintergrund: Das Magazin \u201eFOCUS BUSINESS\u201c und das Statistik-Portal \u201eStatista\u201c ermitteln einmal im Jahr die deutschen Wachstumschampions.<\/p>\n\n\n<!--blockstudio\/blockstudio\/frame-layout--><div id=\"fl-blockstudio-6508629ccc84\" class=\"fl px-frame-layout\" data-frame=\"lightbgbox\" data-layout=\"layout-full-reduced\" data-margin-before=\"medium\" data-margin-after=\"medium\" >\n    <div class=\"inner\">\n        <div >\n\n<h3 class=\"wp-block-heading is-style-line\">30 Prozent weniger CO2 und Ausgleichprojekte:<br>HUNDT CONSULT erneut <mark style=\"background-color:rgba(0, 0, 0, 0)\" class=\"has-inline-color has-color-main-color\">klimaneutrales Unternehmen<\/mark><\/h3>\n\n\n\n<p>In Zusammenarbeit mit dem Unternehmen CO2OP konnte HUNDT CONSULT den eigenen CO2-Fu\u00dfabdruck innerhalb von rund zw\u00f6lf Monaten von ca. 188 Tonnen CO2 auf ca. 133 Tonnen absenken \u2013 das entspricht einer Reduktion von rund 30 Prozent. Die restlichen Emissionen glich HUNDT CONSULT durch Investitionen in Projekte aus dem Bereich der erneuerbaren Energien aus. Damit erf\u00fcllte HUNDT CONSULT 2022 erneut die Kriterien f\u00fcr ein klimaneutrales Unternehmen.<\/p>\n\n<\/div>\n    <\/div>\n<\/div>\n\n\n\n<h3 class=\"wp-block-heading is-style-line\"><mark style=\"background-color:rgba(0, 0, 0, 0)\" class=\"has-inline-color has-color-main-color\">Hamburger Familiensiegel<\/mark> f\u00fcr HUNDT CONSULT<\/h3>\n\n\n\n<p>Das Hamburger Familiensiegel zeichnet Unternehmen, die ihre Mitarbeitenden bei der Vereinbarkeit von Beruf und Familie besonders unterst\u00fctzen, aus. Auch 2022 geh\u00f6rte HUNDT CONSULT wieder zu den zertifizierten Unternehmen. Vergeben wird das Familiensiegel von der Hamburger Allianz f\u00fcr Familien, einer Initiative des Hamburger Senats, der Handelskammer und der Handwerkskammer.<\/p>\n\n\n<!--blockstudio\/blockstudio\/frame-layout--><div id=\"fl-blockstudio-de994b2213b9\" class=\"fl px-frame-layout\" data-frame=\"lightbgbox\" data-layout=\"layout-full-reduced\" data-margin-before=\"medium\" data-margin-after=\"medium\" >\n    <div class=\"inner\">\n        <div >\n\n<h3 class=\"wp-block-heading is-style-line\"><mark style=\"background-color:rgba(0, 0, 0, 0)\" class=\"has-inline-color has-color-main-color\">HUNDT CONSULT<\/mark> ist Wachstumschampion 2021<\/h3>\n\n\n\n<p>HUNDT CONSULT geh\u00f6rt zum vierten Mal in Folge zu den Wachstumschampions des Jahres! Das Magazin \u201eFOCUS BUSINESS\u201c und das Statistik-Portal \u201eStatista\u201c k\u00fcren einmal j\u00e4hrlich die 500 Unternehmen in Deutschland, die in den vergangenen Jahren ein besonders hohes Umsatzwachstum erzielen konnten. In der Kategorie \u201eImmobilien\u201c belegte HUNDT CONSULT den 9. Platz.<\/p>\n\n<\/div>\n    <\/div>\n<\/div>\n\n\n\n<h3 class=\"wp-block-heading is-style-line\"><mark style=\"background-color:rgba(0, 0, 0, 0)\" class=\"has-inline-color has-color-main-color\">Klimaneutrales Unternehmen<\/mark> 2021: HUNDT CONSULT setzt auf CO2-neutralen Fu\u00dfabdruck<\/h3>\n\n\n\n<p>Als Markt- und Innovationsf\u00fchrer geht HUNDT CONSULT auch beim Thema Nachhaltigkeit mit positivem Beispiel voran und setzt gemeinsam mit dem Unternehmen CO2OP auf einen CO2-neutralen Fu\u00dfabdruck. Auf Basis der j\u00e4hrlichen Treibhausgasemissionen von HUNDT CONSULT leiteten die Expertinnen und Experten von CO2OP Ma\u00dfnahmen ab, die den CO2-Fu\u00dfabdruck wieder ausgeglichen. Bei den Kompensationsprojekten handelte es sich um ein Solarprojekt auf Mauritius sowie ein Wasserkraftprojekt in Chile.<\/p>\n\n\n<!--blockstudio\/blockstudio\/frame-layout--><div id=\"fl-blockstudio-69277adafb5d\" class=\"fl px-frame-layout\" data-frame=\"lightbgbox\" data-layout=\"layout-full-reduced\" data-margin-before=\"medium\" data-margin-after=\"medium\" >\n    <div class=\"inner\">\n        <div >\n\n<h3 class=\"wp-block-heading is-style-line\"><mark style=\"background-color:rgba(0, 0, 0, 0)\" class=\"has-inline-color has-color-main-color\">Familienfreundliches Unternehmen<\/mark> 2021: HUNDT CONSULT mit Familiensiegel ausgezeichnet<\/h3>\n\n\n\n<p>Die Hamburger Allianz f\u00fcr Familien verleiht j\u00e4hrlich das Hamburger Familiensiegel an Unternehmen, die sich im besonderen Ma\u00dfe f\u00fcr die Vereinbarkeit von Familie und Beruf einsetzen. 2021 wurde auch HUNDT CONSULT mit dem Familiensiegel ausgezeichnet.<\/p>\n\n<\/div>\n    <\/div>\n<\/div>\n\n\n\n<h3 class=\"wp-block-heading is-style-line\"><mark style=\"background-color:rgba(0, 0, 0, 0)\" class=\"has-inline-color has-color-main-color\">HUNDT CONSULT<\/mark> ist Wachstumschampion 2020<\/h3>\n\n\n\n<p>Die Financial Times und Statista w\u00e4hlten HUNDT CONSULT zu einem der wachstumsst\u00e4rksten Unternehmen Europas. Nach monatelanger Recherche konnte die Wirtschaftszeitung gemeinsam mit der Statistikdatenbank die Top-1000 aus tausenden von Unternehmen identifizieren.<\/p>\n\n\n<!--blockstudio\/blockstudio\/frame-layout--><div id=\"fl-blockstudio-3ab5dad0c9e8\" class=\"fl px-frame-layout\" data-frame=\"lightbgbox\" data-layout=\"layout-full-reduced\" data-margin-before=\"medium\" data-margin-after=\"medium\" >\n    <div class=\"inner\">\n        <div >\n\n<h3 class=\"wp-block-heading is-style-line\"><mark style=\"background-color:rgba(0, 0, 0, 0)\" class=\"has-inline-color has-color-main-color\">HUNDT CONSULT<\/mark> mit dem Deutschen Exzellenz-Preis 2019 ausgezeichnet<\/h3>\n\n\n\n<p>Die Verleihung des Deutschen Exzellenz-Preises f\u00fcr herausragende Leistungen in der Wirtschaft fand am 24. Januar 2019 in Frankfurt am Main statt. Bei der Gala trafen erfolgreiche Manager, Start-up-Gr\u00fcnder, Digitalexperten und Kreative aus den verschiedensten Branchen aufeinander. Das Deutsche Institut f\u00fcr Service-Qualit\u00e4t, das DUB UNTERNEHMER-Magazin und der Nachrichtensender n-tv k\u00fcrten 63 Preistr\u00e4ger in 26 Kategorien. Die Gewinner wurden durch die hochkar\u00e4tige Jury aus Wirtschaft, Medien und Wissenschaft ermittelt, die aus \u00fcber 150 Bewerbungen die besten Ideen ausw\u00e4hlte. In der Kategorie \u201eProdukte &amp; Weiterentwicklungen\u201c wurde HUNDT CONSULT mit dem zweiten Platz ausgezeichnet.<\/p>\n\n<\/div>\n    <\/div>\n<\/div>\n\n\n\n<h3 class=\"wp-block-heading is-style-line\"><mark style=\"background-color:rgba(0, 0, 0, 0)\" class=\"has-inline-color has-color-main-color\">HUNDT CONSULT<\/mark> ist Wachstumschampion 2019<\/h3>\n\n\n\n<p>HUNDT CONSULT geh\u00f6rt zu den Wachstumschampions des Jahres 2019. Das ist ein Ergebnis der j\u00e4hrlich stattfindenden Studie des Nachrichtenmagazins Focus gemeinsam mit dem Datenunternehmen Statista. Im Rahmen des Wettbewerbs ermittelten FOCUS-BUSINESS und Statista 500 Unternehmen in Deutschland, die in den vergangenen drei Jahren ein besonders hohes Umsatzwachstum erzielen konnten.<\/p>\n\n\n<!--blockstudio\/blockstudio\/frame-layout--><div id=\"fl-blockstudio-7789062f21fa\" class=\"fl px-frame-layout\" data-frame=\"lightbgbox\" data-layout=\"layout-full-reduced\" data-margin-before=\"medium\" data-margin-after=\"medium\" >\n    <div class=\"inner\">\n        <div >\n\n<h3 class=\"wp-block-heading is-style-line\"><mark style=\"background-color:rgba(0, 0, 0, 0)\" class=\"has-inline-color has-color-main-color\">LIFT GUARDIAN<\/mark> gewinnt TechBoost Award der Deutschen Telekom<\/h3>\n\n\n\n<p>Zum zweiten Mal hatten in diesem Jahr die Bell Management Consultants zum Prop Tech Pitch eingeladen. Dabei stellten am 07.06.2018 im Hotel InterContinental in D\u00fcsseldorf 30 PropTech Unternehmen in jeweils 5-min\u00fctigen Vortr\u00e4gen ihr Gesch\u00e4ftsmodell vor. Im Publikum: Immobilien-Investoren und -Manager, Business Angels und Venture-Capital-Geber.<\/p>\n\n<\/div>\n    <\/div>\n<\/div>\n\n\n\n<h3 class=\"wp-block-heading is-style-line\"><mark style=\"background-color:rgba(0, 0, 0, 0)\" class=\"has-inline-color has-color-main-color\">HUNDT CONSULT<\/mark> ist Wachstumschampion 2018<\/h3>\n\n\n\n<p>Einmal j\u00e4hrlich k\u00fcren das Magazin \u201eFOCUS-BUSINESS\u201c und das Statistik-Portal \u201eStatista\u201c die deutschen Wachstumschampions unter den Unternehmen. HUNDT CONSULT hat in diesem Jahr erstmals an dem Wettbewerb teilgenommen und sich direkt in den Top 500 platziert.<\/p>\n\n\n<!--blockstudio\/blockstudio\/frame-layout--><div id=\"fl-blockstudio-a2f942580cd0\" class=\"fl px-frame-layout\" data-frame=\"lightbgbox\" data-layout=\"layout-full-reduced\" data-margin-before=\"medium\" data-margin-after=\"medium\" >\n    <div class=\"inner\">\n        <div >\n\n<h3 class=\"wp-block-heading is-style-line\"><mark style=\"background-color:rgba(0, 0, 0, 0)\" class=\"has-inline-color has-color-main-color\">LIFT GUARDIAN<\/mark> siegt beim degewo Innovationspreis: Smart Up the City 2017<\/h3>\n\n\n\n<p>Beim ersten \u201edegewo Innovationspreis: Smart Up the City 2017\u201d hat HUNDT CONSULT mit seinem LIFT GUARDIAN das Rennen gemacht.  Mit der selbstentwickelten Technik ist es m\u00f6glich, Aufzugsanlagen via Sensorik und Internet sehr einfach hinsichtlich Sicherheit, Komfort und Instandsetzungsbedarf zu monitoren. Am 16.11.2017 setzte sich HUNDT CONSULT in einem spannenden Finale gegen vier andere Finalisten durch. Den Preis hatte die degewo AG 2017 zum ersten Mal ausgelobt, um neue digitale Technologien, Dienstleistungen und Gesch\u00e4ftsmodelle rund um die Immobilie und Immobilienbewirtschaftung zu w\u00fcrdigen.<\/p>\n\n<\/div>\n    <\/div>\n<\/div>\n\n\n\n<h3 class=\"wp-block-heading is-style-line\"><mark style=\"background-color:rgba(0, 0, 0, 0)\" class=\"has-inline-color has-color-main-color\">HUNDT CONSULT<\/mark> ist unter den 25 besten Immobilien-Startups weltweit<\/h3>\n\n\n\n<p>\u00dcber 700 Immobilien-StartUps aus aller Welt waren im Rennen, 300 durchliefen ein erstes Auswahlverfahren, 50 pr\u00e4sentierten sich in einem PrePitch einer unabh\u00e4ngigen Jury, 25 erhalten im Oktober auf der EXPO REAL 2017 die Gelegenheit, sich der internationalen Fach\u00f6ffentlichkeit zu pr\u00e4sentieren. Das ist das Konzept des StartUp-Wettbewerbs des Real Estate Innovation Network (RE!N). Unter den 25 besten ausgew\u00e4hlten Immobilien-StartUps mit dabei: HUNDT CONSULT. <\/p>\n\n\n<!--blockstudio\/blockstudio\/frame-layout--><div id=\"fl-blockstudio-72c14d7c5898\" class=\"fl px-frame-layout\" data-frame=\"lightbgbox\" data-layout=\"layout-full-reduced\" data-margin-before=\"medium\" data-margin-after=\"medium\" >\n    <div class=\"inner\">\n        <div >\n\n<h3 class=\"wp-block-heading is-style-line\"><mark style=\"background-color:rgba(0, 0, 0, 0)\" class=\"has-inline-color has-color-main-color\">ATVISIO Award<\/mark> 2013 f\u00fcr Liftmanagement Spezialist HUNDT CONSULT <\/h3>\n\n\n\n<p>Business Intelligence bietet viele Wege, mit Gesch\u00e4ftsdaten das eigene Unternehmen auf Erfolgskurs zu bringen. Unter den Kundenprojekten bei ATVISIO finden sich stets einige besonders Herausragende \u2013 um sie zu honorieren, vergibt der bekannte Performance Management-Dienstleister einmal im Jahr den Award \u201eBestes Projekt des Jahres\u201c. Im Fokus der Juroren stehen vor allem Kriterien wie inhaltliches Konzept, Nachhaltigkeit der L\u00f6sung, Kosten-Nutzen-Relation f\u00fcr den Kunden, eingesetzte Technik und Innovationskraft. Am Ende hat unter den zahlreichen Ans\u00e4tzen ein Kundenprojekte die Juroren ganz besonders \u00fcberzeugt: Den Preis f\u00fcr exzellent durchgef\u00fchrte Business Intelligence Projekte erhielt die HUNDT CONSULT in Hamburg.<\/p>\n\n<\/div>\n    <\/div>\n<\/div>\n","protected":false},"excerpt":{"rendered":"<p>Besonders innovativ: HUNDT CONSULT ist Innovationschampion 2025 FOCUS-Business und das Recherche-Institut FactField ermitteln j\u00e4hrlich die innovativsten Unternehmen Deutschlands. In der Branche \u201eImmobilien \/ Facility Management\u201c geh\u00f6rt HUNDT CONSULT zu den \u201eInnovationschampions 2025\u201c. Die Studie umfasst 29 Branchen und bewertet die Unternehmen in f\u00fcnf Kategorien. HUNDT CONSULT ist Wachstumschampion 2024 Zum f\u00fcnften Mal ist HUNDT CONSULT [&hellip;]<\/p>\n","protected":false},"author":4,"featured_media":0,"parent":4399,"menu_order":5,"comment_status":"closed","ping_status":"closed","template":"","meta":{"_acf_changed":false,"footnotes":""},"class_list":["post-4415","page","type-page","status-publish","hentry"],"acf":[],"_links":{"self":[{"href":"https:\/\/www.hundt-consult.de\/at\/wp-json\/wp\/v2\/pages\/4415","targetHints":{"allow":["GET"]}}],"collection":[{"href":"https:\/\/www.hundt-consult.de\/at\/wp-json\/wp\/v2\/pages"}],"about":[{"href":"https:\/\/www.hundt-consult.de\/at\/wp-json\/wp\/v2\/types\/page"}],"author":[{"embeddable":true,"href":"https:\/\/www.hundt-consult.de\/at\/wp-json\/wp\/v2\/users\/4"}],"replies":[{"embeddable":true,"href":"https:\/\/www.hundt-consult.de\/at\/wp-json\/wp\/v2\/comments?post=4415"}],"version-history":[{"count":4,"href":"https:\/\/www.hundt-consult.de\/at\/wp-json\/wp\/v2\/pages\/4415\/revisions"}],"predecessor-version":[{"id":5983,"href":"https:\/\/www.hundt-consult.de\/at\/wp-json\/wp\/v2\/pages\/4415\/revisions\/5983"}],"up":[{"embeddable":true,"href":"https:\/\/www.hundt-consult.de\/at\/wp-json\/wp\/v2\/pages\/4399"}],"wp:attachment":[{"href":"https:\/\/www.hundt-consult.de\/at\/wp-json\/wp\/v2\/media?parent=4415"}],"curies":[{"name":"wp","href":"https:\/\/api.w.org\/{rel}","templated":true}]}}