{"id":4411,"date":"2023-10-24T13:15:43","date_gmt":"2023-10-24T11:15:43","guid":{"rendered":"https:\/\/www.hundt-consult.de\/?page_id=4411"},"modified":"2024-10-15T10:58:39","modified_gmt":"2024-10-15T08:58:39","slug":"karriere","status":"publish","type":"page","link":"https:\/\/www.hundt-consult.de\/at\/unternehmen\/karriere\/","title":{"rendered":"Karriere"},"content":{"rendered":"<!--blockstudio\/blockstudio\/banner-->\n<div id=\"blockstudio-ede8550fada4\" class=\"px-banner  animate animate-parent\" data-delay=\"250\">\n\t\t<div class=\"image\">\n        <div class=\"bg-red col fadeInLeft\"><\/div>\n\t\t<img loading=\"lazy\" decoding=\"async\" width=\"2560\" height=\"1708\" src=\"https:\/\/www.hundt-consult.de\/wp-content\/uploads\/2024\/01\/shutterstock_1012215040-scaled.jpg\" class=\"attachment-Full Size size-Full Size\" alt=\"\" srcset=\"https:\/\/www.hundt-consult.de\/wp-content\/uploads\/2024\/01\/shutterstock_1012215040-scaled.jpg 2560w, https:\/\/www.hundt-consult.de\/wp-content\/uploads\/2024\/01\/shutterstock_1012215040-300x200.jpg 300w, https:\/\/www.hundt-consult.de\/wp-content\/uploads\/2024\/01\/shutterstock_1012215040-1024x683.jpg 1024w, https:\/\/www.hundt-consult.de\/wp-content\/uploads\/2024\/01\/shutterstock_1012215040-768x512.jpg 768w, https:\/\/www.hundt-consult.de\/wp-content\/uploads\/2024\/01\/shutterstock_1012215040-1536x1025.jpg 1536w, https:\/\/www.hundt-consult.de\/wp-content\/uploads\/2024\/01\/shutterstock_1012215040-2048x1366.jpg 2048w\" sizes=\"auto, (max-width: 2560px) 100vw, 2560px\" \/>\t <\/div> <!-- End Media wrapper -->\n\t\t\t<div class=\"text col fadeInLeft\">\n\t\t<div class=\"text-inner\">\n\t\t\t<h1>Ihre Karriere bei uns<\/h1>\n\t\t\t<div><\/div>\n            \t\t<\/div>\n\t<\/div>\n\t\n                    <div class=\"contact col fadeInRight \">\n\n                                                    <div class=\"phone cta\">\n                        <p class=\"info\">Telefonische Beratung<\/p>\n                        <a href=\"tel:+43192820642\" target=\"_self\"><img decoding=\"async\" class=\"svg-custom\" alt=\"phone\" src=\"https:\/\/www.hundt-consult.de\/wp-content\/themes\/hph-gmbh\/img\/phone.svg\" \/>+43 (1) 92820642<\/a>\n                    <\/div>\n                \n                                    <div class=\"mail cta\">\n                        <p class=\"info\">Schreiben Sie uns<\/p>\n                        <a href=\"mailto:wien@hundt-consult.at\"><img decoding=\"async\" class=\"svg-custom\" alt=\"mail\" src=\"https:\/\/www.hundt-consult.de\/wp-content\/themes\/hph-gmbh\/img\/mail.svg\" \/>wien@hundt-consult.at<\/a>\n                    <\/div>\n                \n            <\/div>\n        <\/div>\n\n\n\n\n<div style=\"height:130px\" aria-hidden=\"true\" class=\"wp-block-spacer\"><\/div>\n\n\n\n<div class=\"wp-block-columns is-layout-flex wp-container-core-columns-is-layout-9d6595d7 wp-block-columns-is-layout-flex\">\n<div class=\"wp-block-column is-layout-flow wp-block-column-is-layout-flow\" style=\"flex-basis:70%\">\n<p class=\"is-style-roofline\">Karriere<\/p>\n\n\n\n<h2 class=\"wp-block-heading line\">Wir sind unterwegs nach oben. Sie k\u00f6nnen dabei sein.<\/h2>\n<\/div>\n\n\n\n<div class=\"wp-block-column is-layout-flow wp-block-column-is-layout-flow\" style=\"flex-basis:30%\"><div class=\"wp-block-image\">\n<figure class=\"alignright\"><a href=\"https:\/\/kununu.com\/de\/hundt-consult1?utm_medium=affiliate&amp;utm_source=widget&amp;utm_content=widget_icon_score_logo_small&amp;rfr=affiliate_widget\" target=\"_blank\" rel=\"noreferrer noopener\"><img decoding=\"async\" src=\"https:\/\/widgets.kununu.com\/widget_icon_score_logo_small\/profiles\/13dcbaa8-df4e-4c61-b8cd-f3e484a7f933\" alt=\"kununu widget\"\/><\/a><\/figure>\n<\/div><\/div>\n<\/div>\n\n\n\n<div class=\"wp-block-columns is-layout-flex wp-container-core-columns-is-layout-9d6595d7 wp-block-columns-is-layout-flex\">\n<div class=\"wp-block-column is-layout-flow wp-block-column-is-layout-flow\">\n<p>HUNDT CONSULT w\u00e4chst. Wachsen Sie mit uns, als Mitarbeiterin oder Mitarbeiter in Europas gr\u00f6\u00dftem unabh\u00e4ngigen Beratungsunternehmen f\u00fcr den Betrieb von Aufz\u00fcgen und Fahrtreppen.<br>Wenn Sie Freude daran haben, Kunden zu begeistern, wenn Sie ein Teamplayer sind und Ihre Kolleginnen und Kollegen st\u00e4rken und unterst\u00fctzen, dann sind Sie bei uns genau richtig. Wir bieten Ihnen einen attraktiven, abwechslungsreichen und sicheren Arbeitsplatz in einem motivierten und freundlichen Team.<\/p>\n<\/div>\n\n\n\n<div class=\"wp-block-column is-layout-flow wp-block-column-is-layout-flow\">\n<p>Worauf warten Sie noch? Bewerben Sie sich f\u00fcr einen unserer Standorte in Hamburg, Kiel, Hannover, Berlin, Leipzig, K\u00f6ln, Stuttgart, N\u00fcrnberg und M\u00fcnchen. Oder aber auch in Gouda (NL) und Wien (AT).<br>Und falls Sie bisher nichts mit Aufz\u00fcgen zu tun hatten, au\u00dfer drinzustehen: Keine Angst. Aufzug lernen Sie bei uns.<\/p>\n<\/div>\n<\/div>\n\n\n\n<div style=\"height:40px\" aria-hidden=\"true\" class=\"wp-block-spacer\"><\/div>\n\n\n<!--blockstudio\/blockstudio\/accordion--><div class=\"ce ce-accordion\">\n    <div class=\"ce-accordion-inner\">\n        <div>\n<!--blockstudio\/blockstudio\/accordion-single--><div class=\"accordion-blockstudio-29e13c8e9ace69f2f16fd48e05.93048052\">\n    <input type=\"checkbox\" id=\"accordion-blockstudio-29e13c8e9ace69f2f16fd48e05.93048052\" name=\"accordion\">\n    <label class=\"accordion-label\" for=\"accordion-blockstudio-29e13c8e9ace69f2f16fd48e05.93048052\">Fachplaner \/ Projektleiter (m\/w\/d) <\/label>\n    <div class=\"accordion-content\">\n        <section>\n\n<p>Wien | Vollzeit | hybrid | unbefristet | ab sofort<\/p>\n\n\n\n<p><strong>Bereit f&uuml;r Ihren Karriere-Lift?<\/strong><\/p>\n\n\n\n<p>F&uuml;r unsere Niederlassung in <strong>Wien<\/strong> suchen wir zum<strong> n&auml;chstm&ouml;glichen Zeitpunkt <\/strong>eine:n Fachplaner:in \/ Projektleiter:in.<\/p>\n\n\n\n<p>Nach einer umfassenden Einarbeitung &uuml;bernehmen Sie die Verantwortung f&uuml;r Modernisierungs- und Neubauprojekte, von der Konzeptentwicklung bis zur Endabnahme.<\/p>\n\n\n\n<p><strong>Was Sie bei uns machen<\/strong><\/p>\n\n\n\n<ul class=\"wp-block-list\">\n<li>Verantwortung f&uuml;r Modernisierungs- und Neubauprojekte &uuml;bernehmen<\/li>\n\n\n\n<li>Im st&auml;ndigen Kontakt mit Kunden und den ausf&uuml;hrenden Firmen stehen<\/li>\n\n\n\n<li>Bearbeitung komplexer Vorg&auml;nge, die Sie den Kunden verst&auml;ndlich erkl&auml;ren<\/li>\n\n\n\n<li>Disposition der Termine vor Ort<\/li>\n\n\n\n<li>Durchf&uuml;hrung von Begehungen<\/li>\n\n\n\n<li>Erstellung der beauftragten Gutachten<\/li>\n\n\n\n<li>Technische Erl&auml;uterungen der Begehungsergebnisse f&uuml;r die Kunden<\/li>\n<\/ul>\n\n\n\n<p><strong>Was Sie mitbringen sollten<\/strong><\/p>\n\n\n\n<ul class=\"wp-block-list\">\n<li>Abgeschlossenes Ingenieur-Studium oder eine vergleichbare Qualifikation<\/li>\n\n\n\n<li>Essenzielle Erfahrungen im Umgang mit F&ouml;rdertechnik<\/li>\n\n\n\n<li>Sicheres und freundliches Auftreten<\/li>\n\n\n\n<li>Ausgepr&auml;gtes Organisationstalent und Kommunikationsst&auml;rke<\/li>\n\n\n\n<li>Vorausschauendes und selbstst&auml;ndiges Arbeiten<\/li>\n\n\n\n<li>Bereitschaft zu Gesch&auml;ftsreisen<\/li>\n\n\n\n<li>Teamf&auml;higkeit, Flexibilit&auml;t und Engagement<\/li>\n<\/ul>\n\n\n\n<p><strong> Was wir bieten&nbsp;<\/strong><\/p>\n\n\n\n<ul class=\"wp-block-list\">\n<li><strong>Sicherheit<\/strong><br>Sie arbeiten in einem innovativen Unternehmen in einer zukunftssicheren Branche. Ihr Arbeitsvertrag ist von Anfang an unbefristet.<\/li>\n\n\n\n<li><strong>Attraktives Gehalt<\/strong><br>Als Fachplaner:in \/ Projektleiter:in erhalten Sie bei uns ein Bruttojahresgehalt von 70.000 &euro; zzgl. Pr&auml;mie.<\/li>\n\n\n\n<li><strong>Hybrides Arbeiten<\/strong><br>Bis wir unser neues B&uuml;ro in Wien beziehen, arbeiten Sie im Homeoffice &ndash; sofern keine Au&szlig;entermine anstehen. Anschlie&szlig;end k&ouml;nnen Sie Pr&auml;senztage im B&uuml;ro mit mobilen Arbeitstagen kombinieren &ndash; ganz so, wie es f&uuml;r Sie und f&uuml;rs Team sinnvoll ist.<\/li>\n\n\n\n<li><strong>Mobilit&auml;t<\/strong><br>Sie k&ouml;nnen einen Firmenwagen (auch zur privaten Nutzung) in Anspruch nehmen.<\/li>\n\n\n\n<li><strong>Teamspirit<\/strong><br>Freuen Sie sich auf sympathische Kolleg:innen, ein gutes Arbeitsklima und regelm&auml;&szlig;ige Team-Events.<\/li>\n\n\n\n<li><strong>Zentrale Lage<\/strong><br>Zentrale Lage Mittags lecker essen gehen oder nach der Arbeit noch schnell etwas einkaufen &ndash; warum nicht? Unser neues B&uuml;ro in Wien befindet sich in zentrumsnaher, &ouml;ffentlich gut erreichbarer Lage.<\/li>\n<\/ul>\n\n\n\n<p><strong>Sie haben noch Fragen?<\/strong><br>Melden Sie sich einfach bei Dieter Friedl unter <a href=\"mailto:wien@hundt-consult.at\" target=\"_blank\" rel=\"noreferrer noopener\">wien@hundt-consult.at<\/a><br><br><strong>Sie wollen den Job?<\/strong><br>Dann senden Sie uns gerne Ihre vollst&auml;ndigen, ausschlie&szlig;lich digitalen Bewerbungsunterlagen unter Angabe des fr&uuml;hesten Eintrittstermins an <a href=\"mailto:wien@hundt-consult.at\" target=\"_blank\" rel=\"noreferrer noopener\">wien@hundt-consult.at<\/a><\/p>\n\n<\/section>\n    <\/div>\n<\/div>\n\n\n<!--blockstudio\/blockstudio\/accordion-single--><div class=\"accordion-blockstudio-287adabc907569f2f16fd4eb92.89967973\">\n    <input type=\"checkbox\" id=\"accordion-blockstudio-287adabc907569f2f16fd4eb92.89967973\" name=\"accordion\">\n    <label class=\"accordion-label\" for=\"accordion-blockstudio-287adabc907569f2f16fd4eb92.89967973\">Gutachter (m\/w\/d) <\/label>\n    <div class=\"accordion-content\">\n        <section>\n\n<p>Wien | Vollzeit | hybrid | unbefristet | ab sofort<\/p>\n\n\n\n<p><strong>Bereit f&uuml;r Ihren Karriere-Lift?<\/strong><\/p>\n\n\n\n<p>F&uuml;r unsere Niederlassung in <strong>Wien <\/strong>suchen wir zum<strong> n&auml;chstm&ouml;glichen Zeitpunkt <\/strong>eine:n Gutachter:in.<\/p>\n\n\n\n<p>Als <strong>Gutachter:in<\/strong> bei HUNDT CONSULT sind Sie ein wichtiges Bindeglied zwischen unserem Team und unseren Kund:innen sowie Dienstleister:innen. Ihr Verantwortungsbereich umfasst die Disposition der Termine vor Ort, die Durchf&uuml;hrung der Begehungen sowie die Erstellung der beauftragten Gutachten.<\/p>\n\n\n\n<p><strong>Was Sie bei uns machen<\/strong><\/p>\n\n\n\n<ul class=\"wp-block-list\">\n<li>Begehungen von Aufzugsanlagen und Fahrtreppen<\/li>\n\n\n\n<li>Erstellung von Gutachten: Zustandsanalysen, Gef&auml;hrdungsbeurteilungen, ESG-Checks, Energieeffizienzberechnungen, Wartungschecks<\/li>\n\n\n\n<li>Fotodokumentation<\/li>\n\n\n\n<li>Installation unserer IIoT-L&ouml;sung LIFT GUARDIAN<\/li>\n\n\n\n<li>Technische Erl&auml;uterungen der Begehungsergebnisse f&uuml;r den Kunden<\/li>\n<\/ul>\n\n\n\n<p><strong>Was Sie mitbringen sollten<\/strong><\/p>\n\n\n\n<ul class=\"wp-block-list\">\n<li>Erfolgreich abgeschlossene technische Berufsausbildung<\/li>\n\n\n\n<li>Erste Erfahrungen im Umgang mit Aufz&uuml;gen und\/oder Fahrtreppen<\/li>\n\n\n\n<li>Hohes Ma&szlig; an (regionaler) Reisebereitschaft<\/li>\n\n\n\n<li>Sicheres und freundliches Auftreten<\/li>\n\n\n\n<li>Ausgepr&auml;gtes Organisationstalent und Kommunikationsst&auml;rke<\/li>\n\n\n\n<li>Zuverl&auml;ssige, verantwortungsbewusste, l&ouml;sungsorientierte und pr&auml;zise Arbeitsweise<\/li>\n\n\n\n<li>Vorausschauendes und selbstst&auml;ndiges Arbeiten<\/li>\n\n\n\n<li>Teamf&auml;higkeit, Flexibilit&auml;t und Engagement<\/li>\n<\/ul>\n\n\n\n<p><strong> Was wir bieten&nbsp;<\/strong><\/p>\n\n\n\n<ul class=\"wp-block-list\">\n<li><strong>Sicherheit<\/strong><br>Sie arbeiten in einem innovativen Unternehmen in einer zukunftssicheren Branche. Ihr Arbeitsvertrag ist von Anfang an unbefristet.<\/li>\n\n\n\n<li><strong>Attraktives Gehalt<\/strong><br>Als Gutachter:in erhalten Sie bei uns ein Bruttojahresgehalt von 50.000 &euro; zzgl. Pr&auml;mie.<\/li>\n\n\n\n<li><strong>Hybrides Arbeiten<\/strong><br>Bis wir unser neues B&uuml;ro in Wien beziehen, arbeiten Sie im Homeoffice &ndash; sofern keine Au&szlig;entermine anstehen. Anschlie&szlig;end k&ouml;nnen Sie Pr&auml;senztage im B&uuml;ro mit mobilen Arbeitstagen kombinieren &ndash; ganz so, wie es f&uuml;r Sie und f&uuml;rs Team sinnvoll ist.<\/li>\n\n\n\n<li><strong>Mobilit&auml;t<\/strong><br>Sie k&ouml;nnen einen Firmenwagen (auch zur privaten Nutzung) in Anspruch nehmen.<\/li>\n\n\n\n<li><strong>Teamspirit<\/strong><br>Freuen Sie sich auf sympathische Kolleg:innen, ein gutes Arbeitsklima und regelm&auml;&szlig;ige Team-Events.<\/li>\n\n\n\n<li><strong>Zentrale Lage<\/strong><br>Zentrale Lage Mittags lecker essen gehen oder nach der Arbeit noch schnell etwas einkaufen &ndash; warum nicht? Unser neues B&uuml;ro in Wien befindet sich in zentrumsnaher, &ouml;ffentlich gut erreichbarer Lage.<\/li>\n<\/ul>\n\n\n\n<p><strong>Sie haben noch Fragen?<\/strong><br>Melden Sie sich einfach bei Dieter Friedl unter <a href=\"mailto:wien@hundt-consult.at\" target=\"_blank\" rel=\"noreferrer noopener\">wien@hundt-consult.at<\/a><br><br><strong>Sie wollen den Job?<\/strong><br>Dann senden Sie uns gerne Ihre vollst&auml;ndigen, ausschlie&szlig;lich digitalen Bewerbungsunterlagen unter Angabe des fr&uuml;hesten Eintrittstermins an <a href=\"mailto:wien@hundt-consult.at\" target=\"_blank\" rel=\"noreferrer noopener\">wien@hundt-consult.at<\/a><\/p>\n\n<\/section>\n    <\/div>\n<\/div>\n\n\n<!--blockstudio\/blockstudio\/accordion-single--><div class=\"accordion-blockstudio-d8fbbcdeb7d669f2f16fd54309.25282429\">\n    <input type=\"checkbox\" id=\"accordion-blockstudio-d8fbbcdeb7d669f2f16fd54309.25282429\" name=\"accordion\">\n    <label class=\"accordion-label\" for=\"accordion-blockstudio-d8fbbcdeb7d669f2f16fd54309.25282429\">Teamassistenz (m\/w\/d) <\/label>\n    <div class=\"accordion-content\">\n        <section>\n\n<p>Wien | Vollzeit | hybrid | unbefristet | ab sofort<\/p>\n\n\n\n<p><strong>Bereit f&uuml;r Ihren Karriere-Lift?<\/strong><\/p>\n\n\n\n<p>F&uuml;r unsere Niederlassung in <strong>Wien<\/strong>suchen wir zum<strong> n&auml;chstm&ouml;glichen Zeitpunkt <\/strong>eine Teamassistenz (m\/w\/d) mit dem Fokus Liftmanagement.<\/p>\n\n\n\n<p>Sie unterst&uuml;tzen unser Team bei diversen Aufgaben rund um Aufzugsthemen &ndash; von der Terminkoordination &uuml;ber die Teilnahme an Auftragsverhandlungen bis hin zum Controlling der Dienstleistungen. Keine Sorge: Sie m&uuml;ssen kein Branchenexperte sein &ndash; &bdquo;Aufzug&ldquo; lernen Sie bei uns!<\/p>\n\n\n\n<p><strong>Was Sie bei uns machen<\/strong><\/p>\n\n\n\n<ul class=\"wp-block-list\">\n<li>Unterst&uuml;tzung bei organisatorischen und administrativen T&auml;tigkeiten wie Terminkoordination und Pr&uuml;fung von Rechnungen &nbsp;<\/li>\n\n\n\n<li>Korrespondenz mit Auftraggebern, Dienstleistern und Kunden<\/li>\n\n\n\n<li>Enge Zusammenarbeit mit Kollegen<\/li>\n\n\n\n<li>Teilnahme an Auftragsverhandlungen mit Kunden und Dienstleistern<\/li>\n\n\n\n<li>Aufbereitung und Erstellung von Pr&auml;sentationsunterlagen<\/li>\n\n\n\n<li>Mitwirken beim Reporting und Controlling von Dienstleistungen<\/li>\n\n\n\n<li>Digitale Prozessbegleitung des Aufzugslebens<\/li>\n<\/ul>\n\n\n\n<p><strong>Was Sie mitbringen sollten<\/strong><\/p>\n\n\n\n<ul class=\"wp-block-list\">\n<li>Erfolgreich abgeschlossene kaufm&auml;nnische Berufsausbildung<\/li>\n\n\n\n<li>Spa&szlig; bei der Anwendung unterschiedlicher Softwarel&ouml;sungen und sicherer Umgang mit MS Office<\/li>\n\n\n\n<li>Vorausschauendes und selbstst&auml;ndiges Arbeiten<\/li>\n\n\n\n<li>Kommunikationsst&auml;rke<\/li>\n\n\n\n<li>Sicheres und freundliches Auftreten<\/li>\n\n\n\n<li>Teamf&auml;higkeit, Flexibilit&auml;t<\/li>\n<\/ul>\n\n\n\n<p><strong> Was wir bieten&nbsp;<\/strong><\/p>\n\n\n\n<ul class=\"wp-block-list\">\n<li><strong>Sicherheit<\/strong><br>Sie arbeiten in einem innovativen Unternehmen in einer zukunftssicheren Branche. Ihr Arbeitsvertrag ist von Anfang an unbefristet.<\/li>\n\n\n\n<li><strong>Attraktives Gehalt<\/strong><br>Als Teamassistenz mit dem Fokus Liftmanagement erhalten Sie bei uns ein Bruttojahresgehalt von 40.000 &euro;.<\/li>\n\n\n\n<li><strong>Hybrides Arbeiten<\/strong><br>Bis wir unser neues B&uuml;ro in Wien beziehen, arbeiten Sie im Homeoffice. Anschlie&szlig;end k&ouml;nnen Sie Pr&auml;senztage im B&uuml;ro mit mobilen Arbeitstagen kombinieren &ndash; ganz so, wie es f&uuml;r Sie und f&uuml;rs Team sinnvoll ist.<\/li>\n\n\n\n<li>Nachhaltige M<strong>obilit&auml;t<\/strong><br>Sie k&ouml;nnen einen Firmenwagen (auch zur privaten Nutzung) in Anspruch nehmen.<\/li>\n\n\n\n<li><strong>Teamspirit<\/strong><br>Freuen Sie sich auf sympathische Kolleg:innen, ein gutes Arbeitsklima und regelm&auml;&szlig;ige Team-Events.<\/li>\n\n\n\n<li><strong>Zentrale Lage<\/strong><br>Zentrale Lage Mittags lecker essen gehen oder nach der Arbeit noch schnell etwas einkaufen &ndash; warum nicht? Unser neues B&uuml;ro in Wien befindet sich in zentrumsnaher, &ouml;ffentlich gut erreichbarer Lage.<\/li>\n<\/ul>\n\n\n\n<p><strong>Sie haben noch Fragen?<\/strong><br>Melden Sie sich einfach bei Dieter Friedl unter <a href=\"mailto:wien@hundt-consult.at\" target=\"_blank\" rel=\"noreferrer noopener\">wien@hundt-consult.at<\/a><br><br><strong>Sie wollen den Job?<\/strong><br>Dann senden Sie uns gerne Ihre vollst&auml;ndigen, ausschlie&szlig;lich digitalen Bewerbungsunterlagen unter Angabe des fr&uuml;hesten Eintrittstermins an <a href=\"mailto:wien@hundt-consult.at\" target=\"_blank\" rel=\"noreferrer noopener\">wien@hundt-consult.at<\/a><\/p>\n\n<\/section>\n    <\/div>\n<\/div>\n\n<\/div>\n    <\/div>\n<\/div>\n\n\n\n<div style=\"height:40px\" aria-hidden=\"true\" class=\"wp-block-spacer\"><\/div>\n\n\n\n<p class=\"has-text-align-center\">Bei Fragen wenden Sie sich bitte an Dieter Friedl unter <a href=\"mailto:personal@hundt-consult.de\">wien@hundt-consult.at<\/a><\/p>\n\n\n\n<p class=\"has-text-align-center\">Wir freuen uns auf Ihre vollst\u00e4ndigen Bewerbungsunterlagen mit Lebenslauf, Abschluss- und Arbeitszeugnissen. Und verraten Sie uns auch den m\u00f6glichen Eintrittstermin.<\/p>\n\n\n\n<div id=\"anchor-bewerber-formular\" class=\"ce-anchor\"><\/div>\n\n\n\n\n\n<div style=\"height:130px\" aria-hidden=\"true\" class=\"wp-block-spacer\"><\/div>\n\n\n","protected":false},"excerpt":{"rendered":"<p>Karriere Wir sind unterwegs nach oben. Sie k\u00f6nnen dabei sein. HUNDT CONSULT w\u00e4chst. Wachsen Sie mit uns, als Mitarbeiterin oder Mitarbeiter in Europas gr\u00f6\u00dftem unabh\u00e4ngigen Beratungsunternehmen f\u00fcr den Betrieb von Aufz\u00fcgen und Fahrtreppen.Wenn Sie Freude daran haben, Kunden zu begeistern, wenn Sie ein Teamplayer sind und Ihre Kolleginnen und Kollegen st\u00e4rken und unterst\u00fctzen, dann sind [&hellip;]<\/p>\n","protected":false},"author":4,"featured_media":0,"parent":4399,"menu_order":4,"comment_status":"closed","ping_status":"closed","template":"","meta":{"_acf_changed":false,"footnotes":""},"class_list":["post-4411","page","type-page","status-publish","hentry"],"acf":[],"_links":{"self":[{"href":"https:\/\/www.hundt-consult.de\/at\/wp-json\/wp\/v2\/pages\/4411","targetHints":{"allow":["GET"]}}],"collection":[{"href":"https:\/\/www.hundt-consult.de\/at\/wp-json\/wp\/v2\/pages"}],"about":[{"href":"https:\/\/www.hundt-consult.de\/at\/wp-json\/wp\/v2\/types\/page"}],"author":[{"embeddable":true,"href":"https:\/\/www.hundt-consult.de\/at\/wp-json\/wp\/v2\/users\/4"}],"replies":[{"embeddable":true,"href":"https:\/\/www.hundt-consult.de\/at\/wp-json\/wp\/v2\/comments?post=4411"}],"version-history":[{"count":6,"href":"https:\/\/www.hundt-consult.de\/at\/wp-json\/wp\/v2\/pages\/4411\/revisions"}],"predecessor-version":[{"id":5351,"href":"https:\/\/www.hundt-consult.de\/at\/wp-json\/wp\/v2\/pages\/4411\/revisions\/5351"}],"up":[{"embeddable":true,"href":"https:\/\/www.hundt-consult.de\/at\/wp-json\/wp\/v2\/pages\/4399"}],"wp:attachment":[{"href":"https:\/\/www.hundt-consult.de\/at\/wp-json\/wp\/v2\/media?parent=4411"}],"curies":[{"name":"wp","href":"https:\/\/api.w.org\/{rel}","templated":true}]}}