{"id":4401,"date":"2023-10-24T13:15:43","date_gmt":"2023-10-24T11:15:43","guid":{"rendered":"https:\/\/www.hundt-consult.de\/?page_id=4401"},"modified":"2025-11-10T09:45:18","modified_gmt":"2025-11-10T08:45:18","slug":"ueber-uns","status":"publish","type":"page","link":"https:\/\/www.hundt-consult.de\/at\/unternehmen\/ueber-uns\/","title":{"rendered":"\u00dcber uns"},"content":{"rendered":"<!--blockstudio\/blockstudio\/banner-->\n<div id=\"blockstudio-8b053a20a492\" class=\"px-banner  animate animate-parent\" data-delay=\"250\">\n\t\t<div class=\"image\">\n        <div class=\"bg-red col fadeInLeft\"><\/div>\n\t\t<img loading=\"lazy\" decoding=\"async\" width=\"2560\" height=\"1707\" src=\"https:\/\/www.hundt-consult.de\/wp-content\/uploads\/2024\/01\/shutterstock_1128494201-kontakt-scaled.jpg\" class=\"attachment-Full Size size-Full Size\" alt=\"\" srcset=\"https:\/\/www.hundt-consult.de\/wp-content\/uploads\/2024\/01\/shutterstock_1128494201-kontakt-scaled.jpg 2560w, https:\/\/www.hundt-consult.de\/wp-content\/uploads\/2024\/01\/shutterstock_1128494201-kontakt-300x200.jpg 300w, https:\/\/www.hundt-consult.de\/wp-content\/uploads\/2024\/01\/shutterstock_1128494201-kontakt-1024x683.jpg 1024w, https:\/\/www.hundt-consult.de\/wp-content\/uploads\/2024\/01\/shutterstock_1128494201-kontakt-768x512.jpg 768w, https:\/\/www.hundt-consult.de\/wp-content\/uploads\/2024\/01\/shutterstock_1128494201-kontakt-1536x1024.jpg 1536w, https:\/\/www.hundt-consult.de\/wp-content\/uploads\/2024\/01\/shutterstock_1128494201-kontakt-2048x1365.jpg 2048w\" sizes=\"auto, (max-width: 2560px) 100vw, 2560px\" \/>\t <\/div> <!-- End Media wrapper -->\n\t\t\t<div class=\"text col fadeInLeft\">\n\t\t<div class=\"text-inner\">\n\t\t\t<h1>HUNDT CONSULT: Engagement, Kompetenz und Kundenzufriedenheit<\/h1>\n\t\t\t<div><\/div>\n                            <div class=\"buttons text-\">\n\t\t\t\t\t                        <a href=\"https:\/\/www.hundt-consult.de\/kontakt\/\" class=\"btn button\">HUNDT CONSULT kontaktieren<\/a>\n                                    <\/div>\n\t\t\t\t\t<\/div>\n\t<\/div>\n\t\n                    <div class=\"contact col fadeInRight \">\n\n                                                    <div class=\"phone cta\">\n                        <p class=\"info\">Telefonische Beratung<\/p>\n                        <a href=\"tel:+43192820642\" target=\"_self\"><img decoding=\"async\" class=\"svg-custom\" alt=\"phone\" src=\"https:\/\/www.hundt-consult.de\/wp-content\/themes\/hph-gmbh\/img\/phone.svg\" \/>+43 (1) 92820642<\/a>\n                    <\/div>\n                \n                                    <div class=\"mail cta\">\n                        <p class=\"info\">Schreiben Sie uns<\/p>\n                        <a href=\"mailto:wien@hundt-consult.at\"><img decoding=\"async\" class=\"svg-custom\" alt=\"mail\" src=\"https:\/\/www.hundt-consult.de\/wp-content\/themes\/hph-gmbh\/img\/mail.svg\" \/>wien@hundt-consult.at<\/a>\n                    <\/div>\n                \n            <\/div>\n        <\/div>\n\n\n\n\n<div style=\"height:130px\" aria-hidden=\"true\" class=\"wp-block-spacer\"><\/div>\n\n\n\n<p class=\"is-style-roofline\"><\/p>\n\n\n\n<h2 class=\"wp-block-heading is-style-line\">Das z\u00e4hlt: 50 Jahre Erfahrung, jede Menge Zukunft.<\/h2>\n\n\n\n<div class=\"wp-block-columns is-layout-flex wp-container-core-columns-is-layout-9d6595d7 wp-block-columns-is-layout-flex\">\n<div class=\"wp-block-column is-layout-flow wp-block-column-is-layout-flow\">\n<p>Seit 1973 vertrauen namhafte Unternehmen Ihre Aufz\u00fcge und Fahrtreppen unserem K\u00f6nnen an. <\/p>\n\n\n\n<p>Heute betreuen 150 hochqualifizierte Spezialisten 65.000 F\u00f6rderanlagen in Deutschland, \u00d6sterreich und den Niederlanden. Sie f\u00fchren j\u00e4hrlich knapp 2.500 (Teil-)Modernisierungen durch. 10.000 Gutachten pro Jahr, 350 Mio. \u20ac Vergabevolumen und von uns gemanagte Assets in H\u00f6he von 3 Milliarden \u20ac.<\/p>\n<\/div>\n\n\n\n<div class=\"wp-block-column is-layout-flow wp-block-column-is-layout-flow\">\n<p>Diese Zahlen spornen uns an, genauso wie die hohe Kundenzufriedenheit, die uns in der aktuellen Studie \u201eAufz\u00fcge und Fahrtreppen\u201c bescheinigt wurde: 98,5 % der Befragten w\u00fcrden uns weiterempfehlen.<\/p>\n\n\n<div class=\"wp-block-image\">\n<figure class=\"aligncenter size-full is-resized\"><img loading=\"lazy\" decoding=\"async\" width=\"800\" height=\"462\" src=\"https:\/\/www.hundt-consult.de\/wp-content\/uploads\/2024\/01\/hc-award-2023-800.png\" alt=\"\" class=\"wp-image-2091\" style=\"width:255px\" srcset=\"https:\/\/www.hundt-consult.de\/wp-content\/uploads\/2024\/01\/hc-award-2023-800.png 800w, https:\/\/www.hundt-consult.de\/wp-content\/uploads\/2024\/01\/hc-award-2023-800-300x173.png 300w, https:\/\/www.hundt-consult.de\/wp-content\/uploads\/2024\/01\/hc-award-2023-800-768x444.png 768w\" sizes=\"auto, (max-width: 800px) 100vw, 800px\" \/><\/figure>\n<\/div><\/div>\n<\/div>\n\n\n\n<div style=\"height:100px\" aria-hidden=\"true\" class=\"wp-block-spacer\"><\/div>\n\n\n<!--blockstudio\/blockstudio\/pxprojectcounter--><div class=\"ce ce-counter\">\n    <div class=\"ce-counter-inner\">\n        <div class=\"px-counter-inner\">\n                        <div class=\"item\">\n                <div class=\"number-wrap\">\n                    <p class=\"sign\">\n                                            <\/p>\n                    <p class=\"number\" data-target=\"65000\">\n                        65000                    <\/p>\n                    <p class=\"unit\">\n                                            <\/p>\n                <\/div>\n                <p class=\"title\">\n                    Anlagen in der Betreuung                <\/p>\n            <\/div>\n                        <div class=\"item\">\n                <div class=\"number-wrap\">\n                    <p class=\"sign\">\n                                            <\/p>\n                    <p class=\"number\" data-target=\"10000\">\n                        10000                    <\/p>\n                    <p class=\"unit\">\n                                            <\/p>\n                <\/div>\n                <p class=\"title\">\n                    Analysen &#038; Gutachten \/ Jahr                <\/p>\n            <\/div>\n                        <div class=\"item\">\n                <div class=\"number-wrap\">\n                    <p class=\"sign\">\n                                            <\/p>\n                    <p class=\"number\" data-target=\"2500\">\n                        2500                    <\/p>\n                    <p class=\"unit\">\n                                            <\/p>\n                <\/div>\n                <p class=\"title\">\n                    Modernisierungen im Jahr                <\/p>\n            <\/div>\n                        <div class=\"item\">\n                <div class=\"number-wrap\">\n                    <p class=\"sign\">\n                                            <\/p>\n                    <p class=\"number\" data-target=\"150\">\n                        150                    <\/p>\n                    <p class=\"unit\">\n                                            <\/p>\n                <\/div>\n                <p class=\"title\">\n                    Hochqualifizierte Spezialisten                <\/p>\n            <\/div>\n                        <div class=\"item\">\n                <div class=\"number-wrap\">\n                    <p class=\"sign\">\n                                            <\/p>\n                    <p class=\"number\" data-target=\"13\">\n                        13                    <\/p>\n                    <p class=\"unit\">\n                                            <\/p>\n                <\/div>\n                <p class=\"title\">\n                    Standorte in DE, AT und NL                <\/p>\n            <\/div>\n                    <\/div>\n    <\/div>\n<\/div>\n\n\n<!--blockstudio\/blockstudio\/frame-layout--><div id=\"fl-blockstudio-bee09f4ef72c\" class=\"fl px-frame-layout\" data-frame=\"cibgoblique-right\" data-layout=\"layout-full\" data-margin-before=\"large\" data-margin-after=\"large\" data-background-image=\"true\">\n        <div class=\"background-image animate animate-parent\">\n            <div class=\"bg-red col\"><\/div>\n        <img loading=\"lazy\" decoding=\"async\" width=\"2560\" height=\"1707\" src=\"https:\/\/www.hundt-consult.de\/wp-content\/uploads\/2024\/01\/shutterstock_1121754323-liftmanagement-scaled.jpg\" class=\"attachment-full size-full\" alt=\"\" srcset=\"https:\/\/www.hundt-consult.de\/wp-content\/uploads\/2024\/01\/shutterstock_1121754323-liftmanagement-scaled.jpg 2560w, https:\/\/www.hundt-consult.de\/wp-content\/uploads\/2024\/01\/shutterstock_1121754323-liftmanagement-300x200.jpg 300w, https:\/\/www.hundt-consult.de\/wp-content\/uploads\/2024\/01\/shutterstock_1121754323-liftmanagement-1024x683.jpg 1024w, https:\/\/www.hundt-consult.de\/wp-content\/uploads\/2024\/01\/shutterstock_1121754323-liftmanagement-768x512.jpg 768w, https:\/\/www.hundt-consult.de\/wp-content\/uploads\/2024\/01\/shutterstock_1121754323-liftmanagement-1536x1024.jpg 1536w, https:\/\/www.hundt-consult.de\/wp-content\/uploads\/2024\/01\/shutterstock_1121754323-liftmanagement-2048x1365.jpg 2048w\" sizes=\"auto, (max-width: 2560px) 100vw, 2560px\" \/>        <\/div>\n            <div class=\"inner\">\n        <div >\n<!--blockstudio\/blockstudio\/frame-layout--><div id=\"fl-blockstudio-e5b2f5db7aaa\" class=\"fl px-frame-layout\" data-frame=\"default\" data-layout=\"layout-reduced\" data-margin-before=\"default\" data-margin-after=\"default\" >\n    <div class=\"inner\">\n        <div >\n\n<p class=\"is-style-roofline\">Unsere Mitarbeitenden<\/p>\n\n\n\n<h3 class=\"wp-block-heading\">Technik ist gut.<br>Menschen machen sie besser.<\/h3>\n\n\n\n<p>Unsere 150 Mitarbeiterinnen und Mitarbeiter sind das Herzst\u00fcck unseres Unternehmens. Viele sind bereits seit Jahrzehnten in der Geb\u00e4udef\u00f6rdertechnik t\u00e4tig und verf\u00fcgen \u00fcber eine umfangreiche Expertise, technisch, kaufm\u00e4nnisch, in Beratung, Planung oder Umsetzung.<\/p>\n\n\n\n<p class=\"is-style-link-arrow\"><a href=\"https:\/\/www.hundt-consult.de\/at\/unternehmen\/karriere-2\/\">Sie m\u00f6chten bei uns arbeiten?<\/a><\/p>\n\n<\/div>\n    <\/div>\n<\/div>\n\n\n\n<div style=\"height:80px\" aria-hidden=\"true\" class=\"wp-block-spacer\"><\/div>\n\n<\/div>\n    <\/div>\n<\/div>\n\n\n\n\n\n\n\n<div class=\"wp-block-columns is-layout-flex wp-container-core-columns-is-layout-9d6595d7 wp-block-columns-is-layout-flex\">\n<div class=\"wp-block-column is-layout-flow wp-block-column-is-layout-flow\" style=\"flex-basis:33.33%\">\n<figure class=\"wp-block-image size-large\"><img loading=\"lazy\" decoding=\"async\" width=\"1024\" height=\"1024\" src=\"https:\/\/www.hundt-consult.de\/wp-content\/uploads\/2023\/11\/hc-gf-alexander-wuellner-hires-1024x1024.jpg\" alt=\"\" class=\"wp-image-939\" srcset=\"https:\/\/www.hundt-consult.de\/wp-content\/uploads\/2023\/11\/hc-gf-alexander-wuellner-hires-1024x1024.jpg 1024w, https:\/\/www.hundt-consult.de\/wp-content\/uploads\/2023\/11\/hc-gf-alexander-wuellner-hires-300x300.jpg 300w, https:\/\/www.hundt-consult.de\/wp-content\/uploads\/2023\/11\/hc-gf-alexander-wuellner-hires-150x150.jpg 150w, https:\/\/www.hundt-consult.de\/wp-content\/uploads\/2023\/11\/hc-gf-alexander-wuellner-hires-768x768.jpg 768w, https:\/\/www.hundt-consult.de\/wp-content\/uploads\/2023\/11\/hc-gf-alexander-wuellner-hires-1536x1536.jpg 1536w, https:\/\/www.hundt-consult.de\/wp-content\/uploads\/2023\/11\/hc-gf-alexander-wuellner-hires-2048x2048.jpg 2048w\" sizes=\"auto, (max-width: 1024px) 100vw, 1024px\" \/><\/figure>\n<\/div>\n\n\n\n<div class=\"wp-block-column is-layout-flow wp-block-column-is-layout-flow\" style=\"flex-basis:66.66%\">\n<p class=\"is-style-roofline\">Gesch\u00e4ftsf\u00fchrung<\/p>\n\n\n\n<h3 class=\"wp-block-heading is-style-line\">Alexander W\u00fcllner<\/h3>\n\n\n\n<p><strong><mark style=\"background-color:rgba(0, 0, 0, 0)\" class=\"has-inline-color has-color-main-color\">Ausbildung:<\/mark><\/strong> Diplom-Wirtschaftsingenieur<\/p>\n\n\n\n<p>Alexander W\u00fcllner sammelte langj\u00e4hrige F\u00fchrungserfahrung in einem international t\u00e4tigen Aufzugskonzern, von der Arbeit als regionaler Serviceleiter Bayern bis zur Position des Service-Direktors f\u00fcr Zentral- und Nordeuropa. Das in dieser Zeit erworbene K\u00f6nnen in Vertrieb, Account Management und der Gestaltung leistungsf\u00e4higer Serviceorganisationen bringt er heute bei HUNDT CONSULT ein. Seine Begeisterung geh\u00f6rt der Digitalisierung, die Menschen dient. Er glaubt an Vertrauen, Selbstf\u00fchrung und daran, dass Menschen, die zusammenarbeiten, alles erreichen k\u00f6nnen. Seit 2020 ist er als gesch\u00e4ftsf\u00fchrender Gesellschafter im Team von HUNDT CONSULT.<\/p>\n<\/div>\n<\/div>\n\n\n\n<div style=\"height:100px\" aria-hidden=\"true\" class=\"wp-block-spacer\"><\/div>\n\n\n\n<div class=\"wp-block-columns is-layout-flex wp-container-core-columns-is-layout-9d6595d7 wp-block-columns-is-layout-flex\">\n<div class=\"wp-block-column is-layout-flow wp-block-column-is-layout-flow\" style=\"flex-basis:33.33%\">\n<figure class=\"wp-block-image size-large\"><img loading=\"lazy\" decoding=\"async\" width=\"1024\" height=\"1024\" src=\"https:\/\/www.hundt-consult.de\/wp-content\/uploads\/2023\/11\/hc-gf-falko-stolte-hires-1024x1024.jpg\" alt=\"\" class=\"wp-image-942\" srcset=\"https:\/\/www.hundt-consult.de\/wp-content\/uploads\/2023\/11\/hc-gf-falko-stolte-hires-1024x1024.jpg 1024w, https:\/\/www.hundt-consult.de\/wp-content\/uploads\/2023\/11\/hc-gf-falko-stolte-hires-300x300.jpg 300w, https:\/\/www.hundt-consult.de\/wp-content\/uploads\/2023\/11\/hc-gf-falko-stolte-hires-150x150.jpg 150w, https:\/\/www.hundt-consult.de\/wp-content\/uploads\/2023\/11\/hc-gf-falko-stolte-hires-768x768.jpg 768w, https:\/\/www.hundt-consult.de\/wp-content\/uploads\/2023\/11\/hc-gf-falko-stolte-hires-1536x1536.jpg 1536w, https:\/\/www.hundt-consult.de\/wp-content\/uploads\/2023\/11\/hc-gf-falko-stolte-hires-2048x2048.jpg 2048w\" sizes=\"auto, (max-width: 1024px) 100vw, 1024px\" \/><\/figure>\n<\/div>\n\n\n\n<div class=\"wp-block-column is-layout-flow wp-block-column-is-layout-flow\" style=\"flex-basis:66.66%\">\n<p class=\"is-style-roofline\">Gesch\u00e4ftsf\u00fchrung<\/p>\n\n\n\n<h3 class=\"wp-block-heading is-style-line\">Falko Stolte<\/h3>\n\n\n\n<p><strong><mark style=\"background-color:rgba(0, 0, 0, 0)\" class=\"has-inline-color has-color-main-color\">Ausbildung:<\/mark><\/strong> B.A. (hons.) Business Studies, MBA<\/p>\n\n\n\n<p>Falko Stolte ist Betriebswirt und hat in seiner Laufbahn verschiedene kaufm\u00e4nnische Positionen bekleidet, zun\u00e4chst in mittelst\u00e4ndisch gepr\u00e4gten Familienunternehmen, sp\u00e4ter im Bereich Financial Advisory bei einer der Big Four Wirtschaftspr\u00fcfungsgesellschaften. Er verf\u00fcgt \u00fcber ein tiefes Verst\u00e4ndnis f\u00fcr finanzwirtschaftliche Prozesse und f\u00fcr die Steuerung von organisatorischen Change Projekten. Seit 2023 ist er Mitglied der Gesch\u00e4ftsleitung im Team von HUNDT CONSULT und verantwortet die Bereiche Finanzen &amp; Controlling, HR, Organisation sowie den strategischen Einkauf.<\/p>\n<\/div>\n<\/div>\n\n\n\n<div style=\"height:130px\" aria-hidden=\"true\" class=\"wp-block-spacer\"><\/div>\n","protected":false},"excerpt":{"rendered":"<p>Das z\u00e4hlt: 50 Jahre Erfahrung, jede Menge Zukunft. Seit 1973 vertrauen namhafte Unternehmen Ihre Aufz\u00fcge und Fahrtreppen unserem K\u00f6nnen an. Heute betreuen 150 hochqualifizierte Spezialisten 65.000 F\u00f6rderanlagen in Deutschland, \u00d6sterreich und den Niederlanden. Sie f\u00fchren j\u00e4hrlich knapp 2.500 (Teil-)Modernisierungen durch. 10.000 Gutachten pro Jahr, 350 Mio. \u20ac Vergabevolumen und von uns gemanagte Assets in H\u00f6he [&hellip;]<\/p>\n","protected":false},"author":4,"featured_media":0,"parent":4399,"menu_order":1,"comment_status":"closed","ping_status":"closed","template":"","meta":{"_acf_changed":false,"footnotes":""},"class_list":["post-4401","page","type-page","status-publish","hentry"],"acf":[],"_links":{"self":[{"href":"https:\/\/www.hundt-consult.de\/at\/wp-json\/wp\/v2\/pages\/4401","targetHints":{"allow":["GET"]}}],"collection":[{"href":"https:\/\/www.hundt-consult.de\/at\/wp-json\/wp\/v2\/pages"}],"about":[{"href":"https:\/\/www.hundt-consult.de\/at\/wp-json\/wp\/v2\/types\/page"}],"author":[{"embeddable":true,"href":"https:\/\/www.hundt-consult.de\/at\/wp-json\/wp\/v2\/users\/4"}],"replies":[{"embeddable":true,"href":"https:\/\/www.hundt-consult.de\/at\/wp-json\/wp\/v2\/comments?post=4401"}],"version-history":[{"count":5,"href":"https:\/\/www.hundt-consult.de\/at\/wp-json\/wp\/v2\/pages\/4401\/revisions"}],"predecessor-version":[{"id":5831,"href":"https:\/\/www.hundt-consult.de\/at\/wp-json\/wp\/v2\/pages\/4401\/revisions\/5831"}],"up":[{"embeddable":true,"href":"https:\/\/www.hundt-consult.de\/at\/wp-json\/wp\/v2\/pages\/4399"}],"wp:attachment":[{"href":"https:\/\/www.hundt-consult.de\/at\/wp-json\/wp\/v2\/media?parent=4401"}],"curies":[{"name":"wp","href":"https:\/\/api.w.org\/{rel}","templated":true}]}}